{"id":18,"date":"2026-03-16T09:20:38","date_gmt":"2026-03-16T07:20:38","guid":{"rendered":"https:\/\/businessrakentamo.competencex.fi\/home\/?page_id=18"},"modified":"2026-03-17T10:32:25","modified_gmt":"2026-03-17T08:32:25","slug":"etusivu","status":"publish","type":"page","link":"https:\/\/businessrakentamo.competencex.fi\/home\/","title":{"rendered":"Etusivu"},"content":{"rendered":"\n<h3 class=\"wp-block-heading\" style=\"font-size:75px\"><strong>Suomen <span style=\"color:#faa21b\">ketterin ja laadukkain<\/span> mikroyritysten kehitysyhteis\u00f6.<\/strong><\/h3>\n\n\n\n<p style=\"font-size:25px\">Autamme pienyritt\u00e4j\u00e4\u00e4 kouluttamalla, neuvomalla ja opastamalla. J\u00e4rjest\u00e4mme kuukausittain useita webinaareja, joiden kautta jaat asiantuntijuuttasi ja kehit\u00e4t itse\u00e4si ja yritystoimintaasi eri teemojen oppien tukemana.<\/p>\n\n\n\n<div class=\"wp-block-buttons is-layout-flex wp-block-buttons-is-layout-flex\">\n<div class=\"wp-block-button is-style-fill\"><a class=\"wp-block-button__link has-white-color has-contrast-background-color has-text-color has-background wp-element-button\" href=\"https:\/\/businessrakentamo-lv.creamailer.fi\/survey\/answer\/zoibq3mivkkkl\" style=\"border-radius:100px;padding-top:1rem;padding-right:2rem;padding-bottom:1rem;padding-left:2rem\" target=\"_blank\" rel=\"noopener nofollow\">Liity mukaan!<\/a><\/div>\n<\/div>\n\n\n\n<h2 class=\"wp-block-heading\" style=\"font-size:75px\"><strong>BusinessRakentamossa tapahtuu<\/strong><\/h2>\n\n\n<div class='mc-event-list-container'><ul id='upcoming-events-bb41545b7b36603f3d7d23fa26452557' class='mc-event-list no-events-fallback upcoming-events list-events'><li class=\"\"><\/li><\/ul><\/div>\n\n\n\n<div class=\"wp-block-buttons is-layout-flex wp-block-buttons-is-layout-flex\">\n<div class=\"wp-block-button is-style-fill\"><a class=\"wp-block-button__link has-white-color has-contrast-background-color has-text-color has-background wp-element-button\" href=\"https:\/\/businessrakentamo.competencex.fi\/home\/my-calendar\/\" style=\"border-radius:100px;padding-top:1rem;padding-right:2rem;padding-bottom:1rem;padding-left:2rem\" target=\"_blank\" rel=\"noopener nofollow noreferrer noopener\">Kaikki tapahtumat<\/a><\/div>\n<\/div>\n\n\n\n<h2 class=\"wp-block-heading\" style=\"font-size:75px;font-style:normal;font-weight:400\"><strong>Enemm\u00e4n kuin neuvoja. <span style=\"color:#faa21b\">Ratkaisuja.<\/span><\/strong><\/h2>\n\n\n\n<div class=\"wp-block-columns is-layout-flex wp-container-core-columns-is-layout-9d6595d7 wp-block-columns-is-layout-flex\">\n<div class=\"wp-block-column is-layout-flow wp-block-column-is-layout-flow\">\n<p style=\"font-size:25px\"><strong>Autamme pienyritt\u00e4j\u00e4\u00e4 kouluttamalla, neuvomalla ja opastamalla.<\/strong> J\u00e4rjest\u00e4mme kuukausittain useita webinaareja, joissa omaksut yritystoimintaan t\u00e4rkeit\u00e4 teemoja.<\/p>\n\n\n\n<p style=\"font-size:25px\">Webinaareissa BusinessRakentamon asiantuntijat ja yhteisty\u00f6kumppanit jakavat hy\u00f6dyllist\u00e4 tietoa j\u00e4senillemme.<\/p>\n<\/div>\n\n\n\n<div class=\"wp-block-column is-layout-flow wp-block-column-is-layout-flow\">\n<p style=\"font-size:25px\"><strong>Olemme itsekin yritt\u00e4ji\u00e4,<\/strong> joten ymm\u00e4rr\u00e4mme asiakkaiden ja asiantuntijoiden sielunmaisemaa.<\/p>\n\n\n\n<p style=\"font-size:25px\">Olemme asiantunteva ja luotettava kumppani koko yrityksen elinkaaren ajan. Toimintamme on luottamuksellista, vastuullista ja tasa-arvoista.<\/p>\n<\/div>\n<\/div>\n\n\n\n<h3 class=\"wp-block-heading\" style=\"font-size:75px\"><strong>Kuinka voimme <span style=\"color:#faa21b\">auttaa?<\/span><\/strong><\/h3>\n\n\n\n<p style=\"font-size:25px\"><strong>Palvelemme pienyrityksi\u00e4 monin tavoin \u2013 yrityksen kaikissa vaiheissa.<\/strong><\/p>\n\n\n\n<p style=\"font-size:25px\">Yritt\u00e4jin\u00e4 mietimme pienyrityksen koko elinkaarta koulutuksia suunnitellessamme. Tarjoamme kattavia yritt\u00e4jyyteen liittyvi\u00e4 koulutuksia, jotka auttavat kehitt\u00e4m\u00e4\u00e4n mikroyritt\u00e4j\u00e4n liiketoimintaa ja vahvistamaan h\u00e4nen osaamistaan.<\/p>\n\n\n\n<p style=\"font-size:25px\">Verkostomme kautta yhdist\u00e4mme eri alojen asiantuntijoita toisiinsa mahdollistaen arvokkaiden kumppanuuksien syntymisen ja yhteisty\u00f6n.<\/p>\n","protected":false},"excerpt":{"rendered":"<p>Suomen ketterin ja laadukkain mikroyritysten kehitysyhteis\u00f6. Autamme pienyritt\u00e4j\u00e4\u00e4 kouluttamalla, neuvomalla ja opastamalla. J\u00e4rjest\u00e4mme kuukausittain useita webinaareja, joiden kautta jaat asiantuntijuuttasi ja kehit\u00e4t itse\u00e4si ja yritystoimintaasi eri teemojen oppien tukemana. BusinessRakentamossa tapahtuu Enemm\u00e4n kuin neuvoja. Ratkaisuja. Autamme pienyritt\u00e4j\u00e4\u00e4 kouluttamalla, neuvomalla ja opastamalla. J\u00e4rjest\u00e4mme kuukausittain useita webinaareja, joissa omaksut yritystoimintaan t\u00e4rkeit\u00e4 teemoja. Webinaareissa BusinessRakentamon asiantuntijat ja yhteisty\u00f6kumppanit &#8230; <a title=\"Etusivu\" class=\"read-more\" href=\"https:\/\/businessrakentamo.competencex.fi\/home\/\" aria-label=\"Lue lis\u00e4\u00e4 aiheesta Etusivu\">Lue lis\u00e4\u00e4<\/a><\/p>\n","protected":false},"author":1,"featured_media":0,"parent":0,"menu_order":0,"comment_status":"closed","ping_status":"closed","template":"","meta":{"_mc_calendar":[],"footnotes":""},"class_list":["post-18","page","type-page","status-publish"],"_links":{"self":[{"href":"https:\/\/businessrakentamo.competencex.fi\/home\/wp-json\/wp\/v2\/pages\/18","targetHints":{"allow":["GET"]}}],"collection":[{"href":"https:\/\/businessrakentamo.competencex.fi\/home\/wp-json\/wp\/v2\/pages"}],"about":[{"href":"https:\/\/businessrakentamo.competencex.fi\/home\/wp-json\/wp\/v2\/types\/page"}],"author":[{"embeddable":true,"href":"https:\/\/businessrakentamo.competencex.fi\/home\/wp-json\/wp\/v2\/users\/1"}],"replies":[{"embeddable":true,"href":"https:\/\/businessrakentamo.competencex.fi\/home\/wp-json\/wp\/v2\/comments?post=18"}],"version-history":[{"count":38,"href":"https:\/\/businessrakentamo.competencex.fi\/home\/wp-json\/wp\/v2\/pages\/18\/revisions"}],"predecessor-version":[{"id":188,"href":"https:\/\/businessrakentamo.competencex.fi\/home\/wp-json\/wp\/v2\/pages\/18\/revisions\/188"}],"wp:attachment":[{"href":"https:\/\/businessrakentamo.competencex.fi\/home\/wp-json\/wp\/v2\/media?parent=18"}],"curies":[{"name":"wp","href":"https:\/\/api.w.org\/{rel}","templated":true}]}}