{"id":44,"date":"2026-03-16T09:31:09","date_gmt":"2026-03-16T07:31:09","guid":{"rendered":"https:\/\/businessrakentamo.competencex.fi\/home\/?page_id=44"},"modified":"2026-03-17T08:27:04","modified_gmt":"2026-03-17T06:27:04","slug":"yhteystiedot","status":"publish","type":"page","link":"https:\/\/businessrakentamo.competencex.fi\/home\/yhteystiedot\/","title":{"rendered":"Yhteystiedot"},"content":{"rendered":"\n<h2 class=\"wp-block-heading gb-text has-x-large-font-size\"><strong>BusinessRakentamo RY<\/strong><\/h2>\n\n\n\n<p class=\"gb-text gb-text-f37aa219 has-medium-font-size\">BusinessRakentamo ry on yritt\u00e4j\u00e4n asiantunteva ja palveleva kumppani toiminnan kehitt\u00e4miseen. Laajan verkostomme erityisosaamista ovat yrityskehitys, yritysneuvonta sek\u00e4 pienyritt\u00e4jyytt\u00e4 tukevat palvelut ja koulutukset.<\/p>\n\n\n\n<p class=\"gb-text gb-text-d50d25f3 has-medium-font-size\">Y-tunnus: 2927196-3<\/p>\n\n\n\n<p class=\"gb-text gb-text-9656e8de has-medium-font-size\"><a href=\"mailto:info@businessrakentamo.fi\">info@businessrakentamo.fi<\/a><\/p>\n\n\n\n<p><\/p>\n","protected":false},"excerpt":{"rendered":"<p>BusinessRakentamo RY BusinessRakentamo ry on yritt\u00e4j\u00e4n asiantunteva ja palveleva kumppani toiminnan kehitt\u00e4miseen. Laajan verkostomme erityisosaamista ovat yrityskehitys, yritysneuvonta sek\u00e4 pienyritt\u00e4jyytt\u00e4 tukevat palvelut ja koulutukset. Y-tunnus: 2927196-3 info@businessrakentamo.fi<\/p>\n","protected":false},"author":1,"featured_media":0,"parent":0,"menu_order":0,"comment_status":"closed","ping_status":"closed","template":"","meta":{"_mc_calendar":[],"footnotes":""},"class_list":["post-44","page","type-page","status-publish"],"_links":{"self":[{"href":"https:\/\/businessrakentamo.competencex.fi\/home\/wp-json\/wp\/v2\/pages\/44","targetHints":{"allow":["GET"]}}],"collection":[{"href":"https:\/\/businessrakentamo.competencex.fi\/home\/wp-json\/wp\/v2\/pages"}],"about":[{"href":"https:\/\/businessrakentamo.competencex.fi\/home\/wp-json\/wp\/v2\/types\/page"}],"author":[{"embeddable":true,"href":"https:\/\/businessrakentamo.competencex.fi\/home\/wp-json\/wp\/v2\/users\/1"}],"replies":[{"embeddable":true,"href":"https:\/\/businessrakentamo.competencex.fi\/home\/wp-json\/wp\/v2\/comments?post=44"}],"version-history":[{"count":7,"href":"https:\/\/businessrakentamo.competencex.fi\/home\/wp-json\/wp\/v2\/pages\/44\/revisions"}],"predecessor-version":[{"id":141,"href":"https:\/\/businessrakentamo.competencex.fi\/home\/wp-json\/wp\/v2\/pages\/44\/revisions\/141"}],"wp:attachment":[{"href":"https:\/\/businessrakentamo.competencex.fi\/home\/wp-json\/wp\/v2\/media?parent=44"}],"curies":[{"name":"wp","href":"https:\/\/api.w.org\/{rel}","templated":true}]}}