{"id":26,"date":"2026-03-12T10:21:57","date_gmt":"2026-03-12T08:21:57","guid":{"rendered":"https:\/\/businessrakentamo.competencex.fi\/lms\/?page_id=26"},"modified":"2026-03-27T09:08:16","modified_gmt":"2026-03-27T07:08:16","slug":"etusivu","status":"publish","type":"page","link":"https:\/\/businessrakentamo.competencex.fi\/lms\/","title":{"rendered":"Etusivu"},"content":{"rendered":"\n<figure class=\"wp-block-image size-large\"><img loading=\"lazy\" decoding=\"async\" width=\"1024\" height=\"391\" src=\"https:\/\/businessrakentamo.competencex.fi\/lms\/wp-content\/uploads\/sites\/2\/2026\/03\/Nayttokuva-2026-03-12-124738-1024x391.png\" alt=\"\" class=\"wp-image-71\" srcset=\"https:\/\/businessrakentamo.competencex.fi\/lms\/wp-content\/uploads\/sites\/2\/2026\/03\/Nayttokuva-2026-03-12-124738-1024x391.png 1024w, https:\/\/businessrakentamo.competencex.fi\/lms\/wp-content\/uploads\/sites\/2\/2026\/03\/Nayttokuva-2026-03-12-124738-300x115.png 300w, https:\/\/businessrakentamo.competencex.fi\/lms\/wp-content\/uploads\/sites\/2\/2026\/03\/Nayttokuva-2026-03-12-124738-768x294.png 768w, https:\/\/businessrakentamo.competencex.fi\/lms\/wp-content\/uploads\/sites\/2\/2026\/03\/Nayttokuva-2026-03-12-124738-624x239.png 624w, https:\/\/businessrakentamo.competencex.fi\/lms\/wp-content\/uploads\/sites\/2\/2026\/03\/Nayttokuva-2026-03-12-124738.png 1507w\" sizes=\"auto, (max-width: 1024px) 100vw, 1024px\" \/><\/figure>\n\n\n\n<p style=\"font-size:28px\">Tervetuloa BusinessRakentamon teko\u00e4lyavusteiseen oppimisymp\u00e4rist\u00f6\u00f6n!<\/p>\n\n\n\n<p class=\"has-medium-font-size\">Tutustu oppimisymp\u00e4rist\u00f6\u00f6n sek\u00e4 sen teko\u00e4lypohjaisiin ty\u00f6kaluihin. Kun katsot verkko-oppimisymp\u00e4rist\u00f6\u00e4 tietokoneella, l\u00f6yd\u00e4t vasemmasta valikosta kaikki sinun oppimiseesi ja koulutusymp\u00e4rist\u00f6n hallinnointiin liittyv\u00e4t linkit ja ylh\u00e4\u00e4lt\u00e4 oikealta sinun profiilisi sek\u00e4 siihen liittyv\u00e4t asetukset. Mobiilissa l\u00f6yd\u00e4t kaikki linkit vasemman yl\u00e4valikon takaa.<\/p>\n\n\n\n<p><a href=\"https:\/\/businessrakentamo.competencex.fi\/home\/\">Lue lis\u00e4\u00e4 BusinessRakentamosta t\u00e4\u00e4lt\u00e4<\/a><\/p>\n\n\n\n<p><\/p>\n","protected":false},"excerpt":{"rendered":"<p>Tervetuloa BusinessRakentamon teko\u00e4lyavusteiseen oppimisymp\u00e4rist\u00f6\u00f6n! Tutustu oppimisymp\u00e4rist\u00f6\u00f6n sek\u00e4 sen teko\u00e4lypohjaisiin ty\u00f6kaluihin. Kun katsot verkko-oppimisymp\u00e4rist\u00f6\u00e4 tietokoneella, l\u00f6yd\u00e4t vasemmasta valikosta kaikki sinun oppimiseesi ja koulutusymp\u00e4rist\u00f6n hallinnointiin liittyv\u00e4t linkit&hellip;<\/p>\n","protected":false},"author":1,"featured_media":0,"parent":0,"menu_order":0,"comment_status":"closed","ping_status":"closed","template":"","meta":{"_mc_calendar":[],"footnotes":""},"class_list":["post-26","page","type-page","status-publish","hentry"],"_links":{"self":[{"href":"https:\/\/businessrakentamo.competencex.fi\/lms\/wp-json\/wp\/v2\/pages\/26","targetHints":{"allow":["GET"]}}],"collection":[{"href":"https:\/\/businessrakentamo.competencex.fi\/lms\/wp-json\/wp\/v2\/pages"}],"about":[{"href":"https:\/\/businessrakentamo.competencex.fi\/lms\/wp-json\/wp\/v2\/types\/page"}],"author":[{"embeddable":true,"href":"https:\/\/businessrakentamo.competencex.fi\/lms\/wp-json\/wp\/v2\/users\/1"}],"replies":[{"embeddable":true,"href":"https:\/\/businessrakentamo.competencex.fi\/lms\/wp-json\/wp\/v2\/comments?post=26"}],"version-history":[{"count":9,"href":"https:\/\/businessrakentamo.competencex.fi\/lms\/wp-json\/wp\/v2\/pages\/26\/revisions"}],"predecessor-version":[{"id":450,"href":"https:\/\/businessrakentamo.competencex.fi\/lms\/wp-json\/wp\/v2\/pages\/26\/revisions\/450"}],"wp:attachment":[{"href":"https:\/\/businessrakentamo.competencex.fi\/lms\/wp-json\/wp\/v2\/media?parent=26"}],"curies":[{"name":"wp","href":"https:\/\/api.w.org\/{rel}","templated":true}]}}