{"id":811,"date":"2026-04-13T10:24:10","date_gmt":"2026-04-13T07:24:10","guid":{"rendered":"https:\/\/businessrakentamo.competencex.fi\/lms\/ostoskori\/"},"modified":"2026-04-22T14:11:05","modified_gmt":"2026-04-22T11:11:05","slug":"ostoskori","status":"publish","type":"page","link":"https:\/\/businessrakentamo.competencex.fi\/lms\/ostoskori\/","title":{"rendered":"Ostoskori"},"content":{"rendered":"\n<div data-block-name=\"woocommerce\/cart\" class=\"wp-block-woocommerce-cart alignwide is-loading\">\n<div data-block-name=\"woocommerce\/filled-cart-block\" class=\"wp-block-woocommerce-filled-cart-block\">\n<div data-block-name=\"woocommerce\/cart-items-block\" class=\"wp-block-woocommerce-cart-items-block\">\n<div data-block-name=\"woocommerce\/cart-line-items-block\" class=\"wp-block-woocommerce-cart-line-items-block\"><\/div>\n\n\n<\/div>\n\n\n\n\n<div data-block-name=\"woocommerce\/cart-totals-block\" class=\"wp-block-woocommerce-cart-totals-block\">\n<div data-block-name=\"woocommerce\/cart-order-summary-block\" class=\"wp-block-woocommerce-cart-order-summary-block\">\n<div data-block-name=\"woocommerce\/cart-order-summary-heading-block\" class=\"wp-block-woocommerce-cart-order-summary-heading-block\"><\/div><div data-block-name=\"woocommerce\/cart-order-summary-coupon-form-block\" class=\"wp-block-woocommerce-cart-order-summary-coupon-form-block\"><\/div><div data-block-name=\"woocommerce\/cart-order-summary-totals-block\" class=\"wp-block-woocommerce-cart-order-summary-totals-block\">\n<div data-block-name=\"woocommerce\/cart-order-summary-subtotal-block\" class=\"wp-block-woocommerce-cart-order-summary-subtotal-block\"><\/div>\n<div data-block-name=\"woocommerce\/cart-order-summary-discount-block\" class=\"wp-block-woocommerce-cart-order-summary-discount-block\"><\/div>\n<div data-block-name=\"woocommerce\/cart-order-summary-fee-block\" class=\"wp-block-woocommerce-cart-order-summary-fee-block\"><\/div>\n<div data-block-name=\"woocommerce\/cart-order-summary-shipping-block\" class=\"wp-block-woocommerce-cart-order-summary-shipping-block\"><\/div>\n<div data-block-name=\"woocommerce\/cart-order-summary-taxes-block\" class=\"wp-block-woocommerce-cart-order-summary-taxes-block\"><\/div><\/div>\n<\/div>\n\n\n\n<div data-block-name=\"woocommerce\/cart-express-payment-block\" class=\"wp-block-woocommerce-cart-express-payment-block\"><\/div>\n\n\n\n<div data-block-name=\"woocommerce\/proceed-to-checkout-block\" class=\"wp-block-woocommerce-proceed-to-checkout-block\"><\/div>\n\n\n\n<div data-block-name=\"woocommerce\/cart-accepted-payment-methods-block\" class=\"wp-block-woocommerce-cart-accepted-payment-methods-block\"><\/div>\n<\/div>\n<\/div>\n\n\n\n<div data-block-name=\"woocommerce\/empty-cart-block\" class=\"wp-block-woocommerce-empty-cart-block\">\n<h2 class=\"wp-block-heading has-text-align-center with-empty-cart-icon wc-block-cart__empty-cart__title\">Ostoskorisi on tyhj\u00e4!<\/h2>\n\n\n\n<hr class=\"wp-block-separator has-alpha-channel-opacity is-style-dots\" \/>\n\n\n\n<h2 class=\"wp-block-heading has-text-align-center\">Uutta kaupassa<\/h2>\n\n\n<div data-block-name=\"woocommerce\/product-new\" data-columns=\"4\" data-rows=\"1\" class=\"wc-block-grid wp-block-product-new wp-block-woocommerce-product-new wc-block-product-new has-4-columns\"><ul class=\"wc-block-grid__products\"><li class=\"wc-block-grid__product\">\n\t\t\t\t<a href=\"https:\/\/businessrakentamo.competencex.fi\/lms\/tuote\/ai-ohjekansio-kaytannon-kurssi-henkilokohtaisen-tekoalymuistin-rakentamiseen\/\" class=\"wc-block-grid__product-link\">\n\t\t\t\t\t\n\t\t\t\t\t<div class=\"wc-block-grid__product-image\"><img loading=\"lazy\" decoding=\"async\" width=\"300\" height=\"300\" src=\"https:\/\/businessrakentamo.competencex.fi\/lms\/wp-content\/uploads\/sites\/2\/2026\/04\/AIn-kayttoonotto-pk\u2011yritykselle-3-300x300.png\" class=\"attachment-woocommerce_thumbnail size-woocommerce_thumbnail\" alt=\"AI-ohjekansio: K\u00e4yt\u00e4nn\u00f6n kurssi henkil\u00f6kohtaisen teko\u00e4lymuistin rakentamiseen\" srcset=\"https:\/\/businessrakentamo.competencex.fi\/lms\/wp-content\/uploads\/sites\/2\/2026\/04\/AIn-kayttoonotto-pk\u2011yritykselle-3-300x300.png 300w, https:\/\/businessrakentamo.competencex.fi\/lms\/wp-content\/uploads\/sites\/2\/2026\/04\/AIn-kayttoonotto-pk\u2011yritykselle-3-1024x1024.png 1024w, https:\/\/businessrakentamo.competencex.fi\/lms\/wp-content\/uploads\/sites\/2\/2026\/04\/AIn-kayttoonotto-pk\u2011yritykselle-3-150x150.png 150w, https:\/\/businessrakentamo.competencex.fi\/lms\/wp-content\/uploads\/sites\/2\/2026\/04\/AIn-kayttoonotto-pk\u2011yritykselle-3-768x768.png 768w, https:\/\/businessrakentamo.competencex.fi\/lms\/wp-content\/uploads\/sites\/2\/2026\/04\/AIn-kayttoonotto-pk\u2011yritykselle-3-624x624.png 624w, https:\/\/businessrakentamo.competencex.fi\/lms\/wp-content\/uploads\/sites\/2\/2026\/04\/AIn-kayttoonotto-pk\u2011yritykselle-3-600x600.png 600w, https:\/\/businessrakentamo.competencex.fi\/lms\/wp-content\/uploads\/sites\/2\/2026\/04\/AIn-kayttoonotto-pk\u2011yritykselle-3-100x100.png 100w, https:\/\/businessrakentamo.competencex.fi\/lms\/wp-content\/uploads\/sites\/2\/2026\/04\/AIn-kayttoonotto-pk\u2011yritykselle-3.png 1080w\" sizes=\"auto, (max-width: 300px) 100vw, 300px\" \/><\/div>\n\t\t\t\t\t<div class=\"wc-block-grid__product-title\">AI-ohjekansio: K\u00e4yt\u00e4nn\u00f6n kurssi henkil\u00f6kohtaisen teko\u00e4lymuistin rakentamiseen<\/div>\n\t\t\t\t<\/a>\n\t\t\t\t<div class=\"wc-block-grid__product-price price\"><span class=\"woocommerce-Price-amount amount\">59,00&nbsp;<span class=\"woocommerce-Price-currencySymbol\">&euro;<\/span><\/span><\/div>\n\t\t\t\t\n\t\t\t\t<div class=\"wp-block-button wc-block-grid__product-add-to-cart\"><a href=\"\/lms\/wp-json\/wp\/v2\/pages\/811?add-to-cart=3409\" aria-label=\"Lis\u00e4\u00e4 ostoskoriin: &ldquo;AI-ohjekansio: K\u00e4yt\u00e4nn\u00f6n kurssi henkil\u00f6kohtaisen teko\u00e4lymuistin rakentamiseen&rdquo;\" data-quantity=\"1\" data-product_id=\"3409\" data-product_sku=\"\" data-price=\"59\" rel=\"nofollow\" class=\"wp-block-button__link  add_to_cart_button ajax_add_to_cart\">Lis\u00e4\u00e4 ostoskoriin<\/a><\/div>\n\t\t\t<\/li><li class=\"wc-block-grid__product\">\n\t\t\t\t<a href=\"https:\/\/businessrakentamo.competencex.fi\/lms\/tuote\/ai-signaalitutka-heikoista-signaaleista-strategisiin-paatoksiin\/\" class=\"wc-block-grid__product-link\">\n\t\t\t\t\t\n\t\t\t\t\t<div class=\"wc-block-grid__product-image\"><img loading=\"lazy\" decoding=\"async\" width=\"300\" height=\"300\" src=\"https:\/\/businessrakentamo.competencex.fi\/lms\/wp-content\/uploads\/sites\/2\/2026\/04\/2-300x300.png\" class=\"attachment-woocommerce_thumbnail size-woocommerce_thumbnail\" alt=\"AI Signaalitutka: Heikoista signaaleista strategisiin p\u00e4\u00e4t\u00f6ksiin\" srcset=\"https:\/\/businessrakentamo.competencex.fi\/lms\/wp-content\/uploads\/sites\/2\/2026\/04\/2-300x300.png 300w, https:\/\/businessrakentamo.competencex.fi\/lms\/wp-content\/uploads\/sites\/2\/2026\/04\/2-1024x1024.png 1024w, https:\/\/businessrakentamo.competencex.fi\/lms\/wp-content\/uploads\/sites\/2\/2026\/04\/2-150x150.png 150w, https:\/\/businessrakentamo.competencex.fi\/lms\/wp-content\/uploads\/sites\/2\/2026\/04\/2-768x768.png 768w, https:\/\/businessrakentamo.competencex.fi\/lms\/wp-content\/uploads\/sites\/2\/2026\/04\/2-624x624.png 624w, https:\/\/businessrakentamo.competencex.fi\/lms\/wp-content\/uploads\/sites\/2\/2026\/04\/2-600x600.png 600w, https:\/\/businessrakentamo.competencex.fi\/lms\/wp-content\/uploads\/sites\/2\/2026\/04\/2-100x100.png 100w, https:\/\/businessrakentamo.competencex.fi\/lms\/wp-content\/uploads\/sites\/2\/2026\/04\/2.png 1080w\" sizes=\"auto, (max-width: 300px) 100vw, 300px\" \/><\/div>\n\t\t\t\t\t<div class=\"wc-block-grid__product-title\">AI Signaalitutka: Heikoista signaaleista strategisiin p\u00e4\u00e4t\u00f6ksiin<\/div>\n\t\t\t\t<\/a>\n\t\t\t\t<div class=\"wc-block-grid__product-price price\"><span class=\"woocommerce-Price-amount amount\">59,00&nbsp;<span class=\"woocommerce-Price-currencySymbol\">&euro;<\/span><\/span><\/div>\n\t\t\t\t\n\t\t\t\t<div class=\"wp-block-button wc-block-grid__product-add-to-cart\"><a href=\"\/lms\/wp-json\/wp\/v2\/pages\/811?add-to-cart=3407\" aria-label=\"Lis\u00e4\u00e4 ostoskoriin: &ldquo;AI Signaalitutka: Heikoista signaaleista strategisiin p\u00e4\u00e4t\u00f6ksiin&rdquo;\" data-quantity=\"1\" data-product_id=\"3407\" data-product_sku=\"\" data-price=\"59\" rel=\"nofollow\" class=\"wp-block-button__link  add_to_cart_button ajax_add_to_cart\">Lis\u00e4\u00e4 ostoskoriin<\/a><\/div>\n\t\t\t<\/li><li class=\"wc-block-grid__product\">\n\t\t\t\t<a href=\"https:\/\/businessrakentamo.competencex.fi\/lms\/tuote\/ain-kayttoonotto-pk-yritykselle-hallittu-ja-liiketoimintalahtoinen-malli\/\" class=\"wc-block-grid__product-link\">\n\t\t\t\t\t\n\t\t\t\t\t<div class=\"wc-block-grid__product-image\"><img loading=\"lazy\" decoding=\"async\" width=\"300\" height=\"300\" src=\"https:\/\/businessrakentamo.competencex.fi\/lms\/wp-content\/uploads\/sites\/2\/2026\/04\/AIn-kayttoonotto-pk\u2011yritykselle-2-300x300.png\" class=\"attachment-woocommerce_thumbnail size-woocommerce_thumbnail\" alt=\"AI:n k\u00e4ytt\u00f6\u00f6notto: Hallittu ja liiketoimintal\u00e4ht\u00f6inen malli\" srcset=\"https:\/\/businessrakentamo.competencex.fi\/lms\/wp-content\/uploads\/sites\/2\/2026\/04\/AIn-kayttoonotto-pk\u2011yritykselle-2-300x300.png 300w, https:\/\/businessrakentamo.competencex.fi\/lms\/wp-content\/uploads\/sites\/2\/2026\/04\/AIn-kayttoonotto-pk\u2011yritykselle-2-1024x1024.png 1024w, https:\/\/businessrakentamo.competencex.fi\/lms\/wp-content\/uploads\/sites\/2\/2026\/04\/AIn-kayttoonotto-pk\u2011yritykselle-2-150x150.png 150w, https:\/\/businessrakentamo.competencex.fi\/lms\/wp-content\/uploads\/sites\/2\/2026\/04\/AIn-kayttoonotto-pk\u2011yritykselle-2-768x768.png 768w, https:\/\/businessrakentamo.competencex.fi\/lms\/wp-content\/uploads\/sites\/2\/2026\/04\/AIn-kayttoonotto-pk\u2011yritykselle-2-624x624.png 624w, https:\/\/businessrakentamo.competencex.fi\/lms\/wp-content\/uploads\/sites\/2\/2026\/04\/AIn-kayttoonotto-pk\u2011yritykselle-2-600x600.png 600w, https:\/\/businessrakentamo.competencex.fi\/lms\/wp-content\/uploads\/sites\/2\/2026\/04\/AIn-kayttoonotto-pk\u2011yritykselle-2-100x100.png 100w, https:\/\/businessrakentamo.competencex.fi\/lms\/wp-content\/uploads\/sites\/2\/2026\/04\/AIn-kayttoonotto-pk\u2011yritykselle-2.png 1080w\" sizes=\"auto, (max-width: 300px) 100vw, 300px\" \/><\/div>\n\t\t\t\t\t<div class=\"wc-block-grid__product-title\">AI:n k\u00e4ytt\u00f6\u00f6notto: Hallittu ja liiketoimintal\u00e4ht\u00f6inen malli<\/div>\n\t\t\t\t<\/a>\n\t\t\t\t<div class=\"wc-block-grid__product-price price\"><span class=\"woocommerce-Price-amount amount\">59,00&nbsp;<span class=\"woocommerce-Price-currencySymbol\">&euro;<\/span><\/span><\/div>\n\t\t\t\t\n\t\t\t\t<div class=\"wp-block-button wc-block-grid__product-add-to-cart\"><a href=\"\/lms\/wp-json\/wp\/v2\/pages\/811?add-to-cart=3401\" aria-label=\"Lis\u00e4\u00e4 ostoskoriin: &ldquo;AI:n k\u00e4ytt\u00f6\u00f6notto: Hallittu ja liiketoimintal\u00e4ht\u00f6inen malli&rdquo;\" data-quantity=\"1\" data-product_id=\"3401\" data-product_sku=\"\" data-price=\"59\" rel=\"nofollow\" class=\"wp-block-button__link  add_to_cart_button ajax_add_to_cart\">Lis\u00e4\u00e4 ostoskoriin<\/a><\/div>\n\t\t\t<\/li><li class=\"wc-block-grid__product\">\n\t\t\t\t<a href=\"https:\/\/businessrakentamo.competencex.fi\/lms\/tuote\/pk-yrityksen-opas-tulevaisuuden-kasvuloikkaan\/\" class=\"wc-block-grid__product-link\">\n\t\t\t\t\t\n\t\t\t\t\t<div class=\"wc-block-grid__product-image\"><img loading=\"lazy\" decoding=\"async\" width=\"300\" height=\"300\" src=\"https:\/\/businessrakentamo.competencex.fi\/lms\/wp-content\/uploads\/sites\/2\/2026\/04\/PK-yrityksen-kasvuloikka-300x300.jpg\" class=\"attachment-woocommerce_thumbnail size-woocommerce_thumbnail\" alt=\"PK-yrityksen opas tulevaisuuden kasvuloikkaan\" srcset=\"https:\/\/businessrakentamo.competencex.fi\/lms\/wp-content\/uploads\/sites\/2\/2026\/04\/PK-yrityksen-kasvuloikka-300x300.jpg 300w, https:\/\/businessrakentamo.competencex.fi\/lms\/wp-content\/uploads\/sites\/2\/2026\/04\/PK-yrityksen-kasvuloikka-1024x1020.jpg 1024w, https:\/\/businessrakentamo.competencex.fi\/lms\/wp-content\/uploads\/sites\/2\/2026\/04\/PK-yrityksen-kasvuloikka-150x150.jpg 150w, https:\/\/businessrakentamo.competencex.fi\/lms\/wp-content\/uploads\/sites\/2\/2026\/04\/PK-yrityksen-kasvuloikka-768x765.jpg 768w, https:\/\/businessrakentamo.competencex.fi\/lms\/wp-content\/uploads\/sites\/2\/2026\/04\/PK-yrityksen-kasvuloikka-1536x1530.jpg 1536w, https:\/\/businessrakentamo.competencex.fi\/lms\/wp-content\/uploads\/sites\/2\/2026\/04\/PK-yrityksen-kasvuloikka-2048x2040.jpg 2048w, https:\/\/businessrakentamo.competencex.fi\/lms\/wp-content\/uploads\/sites\/2\/2026\/04\/PK-yrityksen-kasvuloikka-624x621.jpg 624w, https:\/\/businessrakentamo.competencex.fi\/lms\/wp-content\/uploads\/sites\/2\/2026\/04\/PK-yrityksen-kasvuloikka-600x598.jpg 600w, https:\/\/businessrakentamo.competencex.fi\/lms\/wp-content\/uploads\/sites\/2\/2026\/04\/PK-yrityksen-kasvuloikka-100x100.jpg 100w\" sizes=\"auto, (max-width: 300px) 100vw, 300px\" \/><\/div>\n\t\t\t\t\t<div class=\"wc-block-grid__product-title\">PK-yrityksen opas tulevaisuuden kasvuloikkaan<\/div>\n\t\t\t\t<\/a>\n\t\t\t\t<div class=\"wc-block-grid__product-price price\"><span class=\"woocommerce-Price-amount amount\">29,00&nbsp;<span class=\"woocommerce-Price-currencySymbol\">&euro;<\/span><\/span><\/div>\n\t\t\t\t\n\t\t\t\t<div class=\"wp-block-button wc-block-grid__product-add-to-cart\"><a href=\"\/lms\/wp-json\/wp\/v2\/pages\/811?add-to-cart=3391\" aria-label=\"Lis\u00e4\u00e4 ostoskoriin: &ldquo;PK-yrityksen opas tulevaisuuden kasvuloikkaan&rdquo;\" data-quantity=\"1\" data-product_id=\"3391\" data-product_sku=\"\" data-price=\"29\" rel=\"nofollow\" class=\"wp-block-button__link  add_to_cart_button ajax_add_to_cart\">Lis\u00e4\u00e4 ostoskoriin<\/a><\/div>\n\t\t\t<\/li><\/ul><\/div><\/div>\n<\/div>\n","protected":false},"excerpt":{"rendered":"","protected":false},"author":1,"featured_media":0,"parent":0,"menu_order":0,"comment_status":"closed","ping_status":"closed","template":"","meta":{"_mc_calendar":[],"footnotes":""},"class_list":["post-811","page","type-page","status-publish","hentry"],"_links":{"self":[{"href":"https:\/\/businessrakentamo.competencex.fi\/lms\/wp-json\/wp\/v2\/pages\/811","targetHints":{"allow":["GET"]}}],"collection":[{"href":"https:\/\/businessrakentamo.competencex.fi\/lms\/wp-json\/wp\/v2\/pages"}],"about":[{"href":"https:\/\/businessrakentamo.competencex.fi\/lms\/wp-json\/wp\/v2\/types\/page"}],"author":[{"embeddable":true,"href":"https:\/\/businessrakentamo.competencex.fi\/lms\/wp-json\/wp\/v2\/users\/1"}],"replies":[{"embeddable":true,"href":"https:\/\/businessrakentamo.competencex.fi\/lms\/wp-json\/wp\/v2\/comments?post=811"}],"version-history":[{"count":1,"href":"https:\/\/businessrakentamo.competencex.fi\/lms\/wp-json\/wp\/v2\/pages\/811\/revisions"}],"predecessor-version":[{"id":2869,"href":"https:\/\/businessrakentamo.competencex.fi\/lms\/wp-json\/wp\/v2\/pages\/811\/revisions\/2869"}],"wp:attachment":[{"href":"https:\/\/businessrakentamo.competencex.fi\/lms\/wp-json\/wp\/v2\/media?parent=811"}],"curies":[{"name":"wp","href":"https:\/\/api.w.org\/{rel}","templated":true}]}}