{"id":2861,"date":"2026-04-22T12:52:18","date_gmt":"2026-04-22T09:52:18","guid":{"rendered":"https:\/\/businessrakentamo.competencex.fi\/lms\/?post_type=product&#038;p=2861"},"modified":"2026-04-22T12:52:18","modified_gmt":"2026-04-22T09:52:18","slug":"nakyvyydesta-ostettavuuteen-linkedinissa","status":"publish","type":"product","link":"https:\/\/businessrakentamo.competencex.fi\/lms\/tuote\/nakyvyydesta-ostettavuuteen-linkedinissa\/","title":{"rendered":"N\u00e4kyvyydest\u00e4 ostettavuuteen LinkedIniss\u00e4"},"content":{"rendered":"<h2><strong>Muuta LinkedIn-n\u00e4kyvyytesi asiakkaiksi<\/strong><\/h2>\n<p>Teet LinkedIni\u00e4, mutta et saa siit\u00e4 asiakkaita?<\/p>\n<p>\ud83d\udc49 Et ole yksin<br \/>\n\ud83d\udc49 ja ongelma ei ole siin\u00e4, ettet tekisi tarpeeksi<\/p>\n<p>Ongelma on t\u00e4m\u00e4:<\/p>\n<p>\ud83d\udc49 kukaan ei ymm\u00e4rr\u00e4 mit\u00e4 myyt<\/p>\n<p>Ja jos kukaan ei tied\u00e4 mit\u00e4 myyt, ei kukaan my\u00f6sk\u00e4\u00e4n osaa ostaa sit\u00e4 sinulta vaikka sille olisi tarve<\/p>\n<h2><strong>Miksi t\u00e4m\u00e4 ei toimi (vaikka olet aktiivinen)<\/strong><\/h2>\n<p>Todenn\u00e4k\u00f6isesti:<\/p>\n<p>\ud83d\udc49 julkaiset sis\u00e4lt\u00f6\u00e4<br \/>\n\ud83d\udc49 panostat tekemiseen<br \/>\n\ud83d\udc49 saat n\u00e4kyvyytt\u00e4<\/p>\n<p>Mutta silti:<\/p>\n<p>\ud83d\udc49 keskustelut eiv\u00e4t johda mihink\u00e4\u00e4n<br \/>\n\ud83d\udc49 oikeat ihmiset eiv\u00e4t reagoi<br \/>\n\ud83d\udc49 LinkedIn ei tuo asiakkaita<\/p>\n<p>Ja t\u00e4ss\u00e4 kohtaa suurin osa tekee v\u00e4\u00e4r\u00e4n liikkeen:<\/p>\n<p>\ud83d\udc49 lis\u00e4\u00e4 tekemist\u00e4<br \/>\n\ud83d\udc49 lis\u00e4\u00e4 sis\u00e4lt\u00f6\u00e4<br \/>\n\ud83d\udc49 lis\u00e4\u00e4 yrityst\u00e4<\/p>\n<p>Mutta LinkedIn ei en\u00e4\u00e4 toimi niin.<\/p>\n<p>\ud83d\udc49 Se ei palkitse aktiivisuutta<br \/>\n\ud83d\udc49 Se palkitsee ymm\u00e4rrett\u00e4vyytt\u00e4<\/p>\n<h2><strong>Mit\u00e4 t\u00e4m\u00e4 kurssi tekee<\/strong><\/h2>\n<p>T\u00e4m\u00e4 ei ole LinkedIn-vinkkikurssi. T\u00e4m\u00e4 on malli, jolla rakennat LinkedInist\u00e4 kokonaisuuden, joka:<\/p>\n<p>\ud83d\udc49 tuo oikeat ihmiset luoksesi<br \/>\n\ud83d\udc49 saa heid\u00e4t tunnistamaan oman tilanteensa<br \/>\n\ud83d\udc49 ja ymm\u00e4rt\u00e4m\u00e4\u00e4n, mit\u00e4 sinulta voi ostaa<\/p>\n<p>Eli:<\/p>\n<p>\ud83d\udc49 n\u00e4kyvyys \u2192 ymm\u00e4rrett\u00e4vyys \u2192 ostettavuus<\/p>\n<h2><strong>Mit\u00e4 t\u00e4m\u00e4 muuttaa k\u00e4yt\u00e4nn\u00f6ss\u00e4<\/strong><\/h2>\n<p>T\u00e4m\u00e4n j\u00e4lkeen:<\/p>\n<p>\ud83d\udc49 et en\u00e4\u00e4 \u201cjulkaise sis\u00e4lt\u00f6\u00e4\u201d vaan rakennat kysynt\u00e4\u00e4<\/p>\n<p>\ud83d\udc49 et yrit\u00e4 tavoittaa kaikkia vaan osut oikeisiin ihmisiin<\/p>\n<p>\ud83d\udc49 et toivo, ett\u00e4 joku kiinnostuu vaan ohjaat heid\u00e4t ymm\u00e4rt\u00e4m\u00e4\u00e4n<\/p>\n<h2><strong>T\u00e4m\u00e4n j\u00e4lkeen osaat<\/strong><\/h2>\n<p>\ud83d\udc49 sanoittaa osaamisesi niin, ett\u00e4 se ymm\u00e4rret\u00e4\u00e4n heti<br \/>\n\ud83d\udc49 m\u00e4\u00e4ritt\u00e4\u00e4 kenelle puhut ja miss\u00e4 tilanteessa<br \/>\n\ud83d\udc49 rakentaa sis\u00e4ll\u00f6n, joka toimii ennakkomyyntin\u00e4<br \/>\n\ud83d\udc49 optimoida profiilisi myyntisivuksi<br \/>\n\ud83d\udc49 yhdist\u00e4\u00e4 kaiken yhdeksi toimivaksi kokonaisuudeksi<\/p>\n<h2><strong>Mit\u00e4 saat<\/strong><\/h2>\n<p>Selke\u00e4 vaiheittainen malli:<\/p>\n<p>\ud83d\udc49 miksi LinkedIn ei toimi kuten ennen (Followers \u2192 Interest \u2192 Intention)<br \/>\n\ud83d\udc49 miten kirkastat position, josta sinut tunnistetaan<br \/>\n\ud83d\udc49 miten m\u00e4\u00e4rit\u00e4t kohdeyleis\u00f6n tilanteen<br \/>\n\ud83d\udc49 miten rakennat profiilin, joka ohjaa ostoon<br \/>\n\ud83d\udc49 miten tuotat sis\u00e4lt\u00f6\u00e4, joka tuo oikeat ihmiset luoksesi<br \/>\n\ud83d\udc49 miten kirjoitat teksti\u00e4, joka pys\u00e4ytt\u00e4\u00e4<br \/>\n\ud83d\udc49 miten viet t\u00e4m\u00e4n keskusteluihin ja asiakkaisiin<\/p>\n<p>Mukana:<\/p>\n<p>\ud83d\udc49 konkreettiset esimerkit<br \/>\n\ud83d\udc49 selke\u00e4 rakenne tekemiseen<br \/>\n\ud83d\udc49 ty\u00f6st\u00f6osuudet, joilla viet t\u00e4m\u00e4n suoraan k\u00e4yt\u00e4nt\u00f6\u00f6n<\/p>\n<h2><strong>Kenelle t\u00e4m\u00e4 on<\/strong><\/h2>\n<p>\ud83d\udc49 teet LinkedIni\u00e4, mutta se ei tuota asiakkaita<br \/>\n\ud83d\udc49 myyt omaa osaamistasi (asiantuntija, yritt\u00e4j\u00e4, konsultti, interim, fractional)<br \/>\n\ud83d\udc49 haluat, ett\u00e4 LinkedIn alkaa oikeasti toimia<\/p>\n<h2><strong>Kenelle t\u00e4m\u00e4 ei ole<\/strong><\/h2>\n<p>\ud83d\udc49 jos et ole valmis muuttamaan omaa tekemist\u00e4si<br \/>\n\ud83d\udc49 jos et halua kirkastaa mit\u00e4 myyt<br \/>\n\ud83d\udc49 jos etsit nopeita temppuja ilman ymm\u00e4rryst\u00e4<\/p>\n<h2><strong>Miksi t\u00e4m\u00e4 toimii<\/strong><\/h2>\n<p>Koska t\u00e4m\u00e4 ei perustu n\u00e4kyvyyteen.<\/p>\n<p>\ud83d\udc49 vaan siihen, miten ihminen ymm\u00e4rt\u00e4\u00e4 sinut<\/p>\n<p>LinkedIn n\u00e4ytt\u00e4\u00e4 sis\u00e4lt\u00f6\u00e4 ihmisille, jotka todenn\u00e4k\u00f6isimmin reagoivat siihen.<\/p>\n<p>\ud83d\udc49 mutta vain ymm\u00e4rrett\u00e4v\u00e4 sis\u00e4lt\u00f6 johtaa ostamiseen<\/p>\n<h2><strong>Hinta<\/strong><\/h2>\n<p>\ud83c\udfaf\u00a0<strong>79 \u20ac sis\u00e4lt\u00e4en alvin 25,5%<\/strong><\/p>\n<p>Ei aikarajoituksia tai aikatauluja, k\u00e4yt kurssin niin monta kertaa kuin haluat ja t\u00e4ysin omaan tahtiisi itsen\u00e4isesti.<\/p>\n<h2><strong>T\u00e4m\u00e4 on se hetki<\/strong><\/h2>\n<p>Jos LinkedIn ei ole tuonut sinulle asiakkaita t\u00e4h\u00e4n menness\u00e4, ongelma ei todenn\u00e4k\u00f6isesti ratkea lis\u00e4\u00e4 tekem\u00e4ll\u00e4<\/p>\n<p>\ud83d\udc49 se ratkeaa muuttamalla rakennetta<\/p>\n<p>Ota t\u00e4m\u00e4 k\u00e4ytt\u00f6\u00f6n nyt<br \/>\n\ud83d\udc49 ja tee LinkedInist\u00e4 kanava, joka tuo asiakkaita<\/p>\n<h2><strong>Lopuksi<\/strong><\/h2>\n<p>LinkedIn toimii. Mutta vain silloin, kun se rakennetaan oikein.<\/p>\n<p>Ei lis\u00e4\u00e4 tekemist\u00e4<br \/>\n\ud83d\udc49 vaan oikea tapa tehd\u00e4<\/p>\n","protected":false},"excerpt":{"rendered":"<p>T\u00e4m\u00e4 k\u00e4yt\u00e4nn\u00f6nl\u00e4heinen kurssi opettaa muuttamaan LinkedIn-n\u00e4kyvyyden ostaviksi asiakkaiksi. Opit hy\u00f6dynt\u00e4m\u00e4\u00e4n LinkedInin uutta algoritmia (Followers &gt; Interest &gt; Intention), jossa laatu ja relevanssi voittavat pelk\u00e4t tykk\u00e4ykset. M\u00e4\u00e4rit\u00e4t selke\u00e4n position, ymm\u00e4rr\u00e4t yleis\u00f6si ongelmat ja luot sis\u00e4lt\u00f6\u00e4, joka toimii ennakkomyyntin\u00e4. Jokainen osa sis\u00e4lt\u00e4\u00e4 k\u00e4yt\u00e4nn\u00f6n ty\u00f6st\u00f6osuuden. Kurssi huipentuu 7 p\u00e4iv\u00e4n toimintamalliin ja kokoavaan loppuosioon.<\/p>\n","protected":false},"featured_media":2862,"template":"","meta":[],"product_brand":[62],"product_cat":[63,54],"product_tag":[68,84,81,85,80,82,83],"class_list":{"0":"post-2861","1":"product","2":"type-product","3":"status-publish","4":"has-post-thumbnail","6":"product_brand-piadotsacademy","7":"product_cat-piadotsacademyall","8":"product_cat-yleinen","9":"product_tag-linkedin","10":"product_tag-linkedin-markkinointi","11":"product_tag-linkedin-nakyvyys","12":"product_tag-linkedin-sisallontuotanto","13":"product_tag-nakyvyys","14":"product_tag-nakyvyys-asiakkaiksi","15":"product_tag-relevantti-nakyvyys","17":"first","18":"instock","19":"virtual","20":"taxable","21":"purchasable","22":"product-type-simple"},"_links":{"self":[{"href":"https:\/\/businessrakentamo.competencex.fi\/lms\/wp-json\/wp\/v2\/product\/2861","targetHints":{"allow":["GET"]}}],"collection":[{"href":"https:\/\/businessrakentamo.competencex.fi\/lms\/wp-json\/wp\/v2\/product"}],"about":[{"href":"https:\/\/businessrakentamo.competencex.fi\/lms\/wp-json\/wp\/v2\/types\/product"}],"wp:featuredmedia":[{"embeddable":true,"href":"https:\/\/businessrakentamo.competencex.fi\/lms\/wp-json\/wp\/v2\/media\/2862"}],"wp:attachment":[{"href":"https:\/\/businessrakentamo.competencex.fi\/lms\/wp-json\/wp\/v2\/media?parent=2861"}],"wp:term":[{"taxonomy":"product_brand","embeddable":true,"href":"https:\/\/businessrakentamo.competencex.fi\/lms\/wp-json\/wp\/v2\/product_brand?post=2861"},{"taxonomy":"product_cat","embeddable":true,"href":"https:\/\/businessrakentamo.competencex.fi\/lms\/wp-json\/wp\/v2\/product_cat?post=2861"},{"taxonomy":"product_tag","embeddable":true,"href":"https:\/\/businessrakentamo.competencex.fi\/lms\/wp-json\/wp\/v2\/product_tag?post=2861"}],"curies":[{"name":"wp","href":"https:\/\/api.w.org\/{rel}","templated":true}]}}