{"id":2866,"date":"2026-04-22T13:45:50","date_gmt":"2026-04-22T10:45:50","guid":{"rendered":"https:\/\/businessrakentamo.competencex.fi\/lms\/?post_type=product&#038;p=2866"},"modified":"2026-04-22T14:13:37","modified_gmt":"2026-04-22T11:13:37","slug":"osaaminen-passiiviseksi-tuloksi-malli","status":"publish","type":"product","link":"https:\/\/businessrakentamo.competencex.fi\/lms\/tuote\/osaaminen-passiiviseksi-tuloksi-malli\/","title":{"rendered":"Osaaminen passiiviseksi tuloksi -malli"},"content":{"rendered":"<h2>N\u00e4in teet osaamisestasi passiivisen tulon l\u00e4hteen ilman ett\u00e4 rakennat kuukausia tuotetta, jota kukaan ei osta<\/h2>\n<p>Passiivinen tulo ei synny siit\u00e4, ett\u00e4 rakennat tuotteen. Se syntyy siit\u00e4, ett\u00e4 rakennat tuotteen, jonka joku ostaa.<\/p>\n<p>14 p\u00e4iv\u00e4ss\u00e4. 15 minuuttia p\u00e4iv\u00e4ss\u00e4 riitt\u00e4\u00e4.<\/p>\n<p>Moni asiantuntija haaveilee passiivisesta tulosta. Mutta k\u00e4yt\u00e4nn\u00f6ss\u00e4 tapahtuu t\u00e4m\u00e4:<\/p>\n<ul>\n<li>rakennetaan verkkokurssi<\/li>\n<li>kirjoitetaan e-kirja<\/li>\n<li>hiotaan sis\u00e4lt\u00f6\u00e4 viikkoja tai kuukausia<\/li>\n<\/ul>\n<p>\ud83d\udc49 ja lopulta kukaan ei osta<\/p>\n<p>Ei siksi, ettei osaaminen olisi arvokasta vaan siksi, ett\u00e4 sit\u00e4 ei testattu ennen rakentamista.<\/p>\n<p>Valitettavasti vaikka sinulla on osaamista, se ei tuota mit\u00e4\u00e4n, jos sit\u00e4 ei ole myyt\u00e4v\u00e4ss\u00e4 muodossa.<\/p>\n<p>Suurin osa ei ep\u00e4onnistu siksi, etteiv\u00e4t osaisi,\u00a0 vaan siksi, ett\u00e4 mit\u00e4\u00e4n ei koskaan vied\u00e4 siihen pisteeseen, jossa joku voisi oikeasti ostaa sen.<\/p>\n<p>T\u00e4ss\u00e4 mallissa et j\u00e4\u00e4 suunnittelemaan. T\u00e4ss\u00e4 mallissa viet.<\/p>\n<p>Et tarvitse kuukausia. Et tarvitse t\u00e4ydellist\u00e4 suunnitelmaa.<\/p>\n<p>Tarvitset 15 minuuttia p\u00e4iv\u00e4ss\u00e4 14 p\u00e4iv\u00e4n ajan ja tavan edet\u00e4, joka pakottaa sinut viem\u00e4\u00e4n yhden asian loppuun asti.<\/p>\n<p><strong>Suurin este miksi et ole edes yritt\u00e4nyt, on ollut ep\u00e4varmuus, ostaako kukaan osaamistasi. T\u00e4m\u00e4n mallin avulla poistat tuon ep\u00e4varmuuden jarruttamasta.<\/strong><\/p>\n<h1>Mit\u00e4 t\u00e4ss\u00e4 oikeasti tapahtuu<\/h1>\n<p>T\u00e4m\u00e4 ei ole kurssi, jossa opetetaan tekem\u00e4\u00e4n verkkokurssi. T\u00e4m\u00e4 on kurssi, jossa testataan, kannattaako sellaista tehd\u00e4 ollenkaan.<\/p>\n<p>T\u00e4m\u00e4 ei ole kurssi, jossa opiskelet. T\u00e4m\u00e4 on 14 p\u00e4iv\u00e4n malli, jossa:<\/p>\n<p>\ud83d\udc49 rakennat suunnitelman tuotteesta<br \/>\n\ud83d\udc49 rakennat kevyen myyntiversion<br \/>\n\ud83d\udc49 myyt ennen kuin rakennat valmiiksi<br \/>\n\ud83d\udc49 testaat sille maksuhalukkuuden<br \/>\n\ud83d\udc49 ja tied\u00e4t, kannattaako sit\u00e4 oikeasti vied\u00e4 eteenp\u00e4in<\/p>\n<p>15 minuuttia p\u00e4iv\u00e4ss\u00e4 riitt\u00e4\u00e4 siihen, ett\u00e4 rakennat jotain myyt\u00e4v\u00e4\u00e4. Mutta vain jos viet ajatukset loppuun asti etk\u00e4 j\u00e4\u00e4 suunnittelemaan.<\/p>\n<p>Ei arvailua. Ei viikkojen suunnittelua. Vain tekeminen, joka johtaa johonkin konkreettiseen.<\/p>\n<h1>Miten t\u00e4m\u00e4 etenee<\/h1>\n<p>\ud83d\udc49 5 ensimm\u00e4ist\u00e4 p\u00e4iv\u00e4\u00e4: puhut osaamisesi ulos<br \/>\n\ud83d\udc49 teko\u00e4ly auttaa j\u00e4sent\u00e4m\u00e4\u00e4n ja ehdottaa tuotteita<br \/>\n\ud83d\udc49 valitset 1\u20133 ideaa testiin<br \/>\n\ud83d\udc49 rakennat kevyen myyntiversion<br \/>\n\ud83d\udc49 myyt ennen kuin rakennat valmiiksi<br \/>\n\ud83d\udc49 testaat, tuleeko maksavia asiakkaita<br \/>\n\ud83d\udc49 viet vain toimivat ideat toteutukseen<\/p>\n<h1>Mit\u00e4 sinulla on 14 p\u00e4iv\u00e4n j\u00e4lkeen<\/h1>\n<p>Sinulla ei ole t\u00e4ydellist\u00e4 tuotetta. Sinulla on jotain arvokkaampaa:<\/p>\n<p>\ud83d\udc49 testattu idea ja ensimm\u00e4inen myyntiversio, jonka voit julkaista heti<br \/>\n\ud83d\udc49 tuote, jota joku on jo valmis ostamaan<\/p>\n<p>tai<\/p>\n<p>\ud83d\udc49 selke\u00e4 tieto, ettei sit\u00e4 kannata rakentaa<\/p>\n<p>15 minuuttia p\u00e4iv\u00e4ss\u00e4 riitt\u00e4\u00e4 siihen, ett\u00e4 viet idean myyntiin asti.<\/p>\n<p>Varsinainen tuotteen viimeistely tapahtuu t\u00e4m\u00e4n j\u00e4lkeen,\u00a0 mutta silloin et en\u00e4\u00e4 rakenna tyhji\u00f6\u00f6n.<\/p>\n<p>Sinulla on jo testattu myyt\u00e4v\u00e4 tuote, jolle on maksavia asiakkaita.<\/p>\n<h1>T\u00e4m\u00e4 on sinulle, jos:<\/h1>\n<ul>\n<li>olet asiantuntija tai yritt\u00e4j\u00e4<\/li>\n<li>tied\u00e4t, ett\u00e4 osaamisellasi voisi olla arvoa muille, mutta et ole saanut siit\u00e4 viel\u00e4 passiivista tulonl\u00e4hdett\u00e4<\/li>\n<li>et halua k\u00e4ytt\u00e4\u00e4 kuukausia tuotteen rakentamiseen ilman varmuutta kysynn\u00e4st\u00e4<\/li>\n<\/ul>\n<h1>Kenelle t\u00e4m\u00e4 ei ole<\/h1>\n<ul>\n<li>Jos et aio tehd\u00e4, t\u00e4m\u00e4 ei auta<\/li>\n<li>\u00a0Jos odotat valmista ennen kuin aloitat<\/li>\n<li>\u00a0Jos passiivinen tulo omasta osaamisestasi ei houkuta sinua<\/li>\n<\/ul>\n<p>\ud83d\udc49 silloin t\u00e4m\u00e4 ei ole sinulle<\/p>\n<h1>Miten t\u00e4m\u00e4 on rakennettu<\/h1>\n<p>Kurssilla k\u00e4yt\u00e4t teko\u00e4ly\u00e4 apuna koko prosessin ajan.<\/p>\n<p>\ud83d\udc49 et j\u00e4\u00e4 yksin j\u00e4sent\u00e4m\u00e4\u00e4n<br \/>\n\ud83d\udc49 et j\u00e4\u00e4 tyhj\u00e4n ruudun eteen<br \/>\n\ud83d\udc49 vaan saat suoraan valmiit kysymykset ja promptit jokaiselle p\u00e4iv\u00e4lle<\/p>\n<p>Kurssin tavoite ei ole vain l\u00f6yt\u00e4\u00e4 yksi idea.<\/p>\n<p>\ud83d\udc49 Kurssin tavoite on, ett\u00e4 opit itse tunnistamaan, tuotteistamaan, testaamaan ja arvioimaan uusia ideoita my\u00f6s jatkossa.<\/p>\n<h1>Milloin t\u00e4m\u00e4 alkaa<\/h1>\n<p>Kurssi k\u00e4ynnistyy heti sen maksettuasi.<\/p>\n<p>Saat materiaalin k\u00e4ytt\u00f6\u00f6si heti ja etenet itsen\u00e4isesti 14 p\u00e4iv\u00e4n mallin mukaan.<\/p>\n<p>Ensimm\u00e4iset osallistujat ovat mukana rakentamassa t\u00e4t\u00e4 k\u00e4yt\u00e4nn\u00f6ss\u00e4 alusta asti.<\/p>\n<h1>Hinta<\/h1>\n<p>59\u20ac (sis. alv)<\/p>\n<h1>Aloita t\u00e4st\u00e4<\/h1>\n<p>Jos olet valmis lopettamaan arvailun\u00a0 ja testaamaan, mist\u00e4 osaamisestasi joku oikeasti maksaa,<\/p>\n<p>\ud83d\udc49 aloita t\u00e4st\u00e4<\/p>\n<h1>BONUS<\/h1>\n<p>T\u00e4m\u00e4n mallin avulla et rakenna vain yht\u00e4 tuotetta.<\/p>\n<h2><strong>\ud83d\udc49 Rakennat tavan, jolla monistat osaamisesi passiiviseksi tuloksi uudelleen ja uudelleen<\/strong><\/h2>\n<p>Kun tied\u00e4t, miten testaat mik\u00e4 toimii\u00a0 ja myyt ennen kuin rakennat loppuun,<\/p>\n<p>\ud83d\udc49 et en\u00e4\u00e4 arvaa<\/p>\n","protected":false},"excerpt":{"rendered":"<p>Kurssi muuttaa konkreettisen osaamisen testatuksi ja automatisoitavaksi passiivisen tulon tuotteeksi. Opit rakentamaan myyt\u00e4v\u00e4n ja skaalautuvan tuotteen, joka nivoutuu saumattomasti nykyiseen tekemiseesi ja yleis\u00f6\u00f6si. Teko\u00e4ly on renki, ei is\u00e4nt\u00e4. Konkreettisena lopputuloksena on testattu tuoteidea ja selke\u00e4 14 p\u00e4iv\u00e4n suunnitelma, jolla teet t\u00e4m\u00e4n itse my\u00f6s jatkossa uudestaan. Jokainen p\u00e4iv\u00e4 vaatii vain 15 minuuttia: 10 minuuttia omaa pohdintaa ja sanelua, 5 minuuttia teko\u00e4lyn kanssa j\u00e4sent\u00e4mist\u00e4.<\/p>\n","protected":false},"featured_media":2867,"template":"","meta":[],"product_brand":[62],"product_cat":[63,54],"product_tag":[78,87,88,86],"class_list":{"0":"post-2866","1":"product","2":"type-product","3":"status-publish","4":"has-post-thumbnail","6":"product_brand-piadotsacademy","7":"product_cat-piadotsacademyall","8":"product_cat-yleinen","9":"product_tag-myyomaosaamisesi","10":"product_tag-osaaminen-passiiviseksi-tulonlahteeksi","11":"product_tag-osaaminen-tuotteeksi","12":"product_tag-passiivinen-tulo","14":"first","15":"instock","16":"virtual","17":"taxable","18":"purchasable","19":"product-type-simple"},"_links":{"self":[{"href":"https:\/\/businessrakentamo.competencex.fi\/lms\/wp-json\/wp\/v2\/product\/2866","targetHints":{"allow":["GET"]}}],"collection":[{"href":"https:\/\/businessrakentamo.competencex.fi\/lms\/wp-json\/wp\/v2\/product"}],"about":[{"href":"https:\/\/businessrakentamo.competencex.fi\/lms\/wp-json\/wp\/v2\/types\/product"}],"wp:featuredmedia":[{"embeddable":true,"href":"https:\/\/businessrakentamo.competencex.fi\/lms\/wp-json\/wp\/v2\/media\/2867"}],"wp:attachment":[{"href":"https:\/\/businessrakentamo.competencex.fi\/lms\/wp-json\/wp\/v2\/media?parent=2866"}],"wp:term":[{"taxonomy":"product_brand","embeddable":true,"href":"https:\/\/businessrakentamo.competencex.fi\/lms\/wp-json\/wp\/v2\/product_brand?post=2866"},{"taxonomy":"product_cat","embeddable":true,"href":"https:\/\/businessrakentamo.competencex.fi\/lms\/wp-json\/wp\/v2\/product_cat?post=2866"},{"taxonomy":"product_tag","embeddable":true,"href":"https:\/\/businessrakentamo.competencex.fi\/lms\/wp-json\/wp\/v2\/product_tag?post=2866"}],"curies":[{"name":"wp","href":"https:\/\/api.w.org\/{rel}","templated":true}]}}