{"id":2870,"date":"2026-04-22T14:45:02","date_gmt":"2026-04-22T11:45:02","guid":{"rendered":"https:\/\/businessrakentamo.competencex.fi\/lms\/?post_type=product&#038;p=2870"},"modified":"2026-04-22T14:45:02","modified_gmt":"2026-04-22T11:45:02","slug":"rakenna-oma-interim-palvelusi","status":"publish","type":"product","link":"https:\/\/businessrakentamo.competencex.fi\/lms\/tuote\/rakenna-oma-interim-palvelusi\/","title":{"rendered":"Rakenna oma interim-palvelusi"},"content":{"rendered":"<h2><strong>Rakenna oma interim-palvelusi<\/strong><\/h2>\n<p>Miten muotoilet osaamisesi m\u00e4\u00e4r\u00e4aikaiseksi palveluksi, jolle yrityksill\u00e4 on oikea tarve \u2013 ja josta ollaan valmiita maksamaan<\/p>\n<p>Sinulla on osaamista. Mutta et ole t\u00e4ysin varma:<\/p>\n<p>\ud83d\udc49 mit\u00e4 siit\u00e4 kannattaisi myyd\u00e4 interimina<br \/>\n\ud83d\udc49 millaisessa tilanteessa yritys ostaa juuri sinut<br \/>\n\ud83d\udc49 miten t\u00e4st\u00e4 tehd\u00e4\u00e4n selke\u00e4 palvelu, eik\u00e4 vain \u201cteen v\u00e4h\u00e4n kaikkea\u201d<\/p>\n<p>Ja t\u00e4m\u00e4 n\u00e4kyy k\u00e4yt\u00e4nn\u00f6ss\u00e4 niin, ett\u00e4:<\/p>\n<p>\ud83d\udc49 ideat j\u00e4\u00e4v\u00e4t ajatuksen tasolle<br \/>\n\ud83d\udc49 et ole l\u00e4htenyt tarjoamaan palvelua kunnolla<br \/>\n\ud83d\udc49 tai olet kokeillut, mutta se ei ole johtanut toimeksiantoihin<\/p>\n<p>Ongelma ei ole osaamisen puute.<\/p>\n<p>\ud83d\udc49 vaan se, ettei sit\u00e4 ole muotoiltu ostettavaan muotoon<\/p>\n<p>Yritys ei osta interim-osaajaa siksi, ett\u00e4 h\u00e4n on osaava<\/p>\n<p>\ud83d\udc49 vaan siksi, ett\u00e4 h\u00e4n ratkaisee tietyn tilanteen nopeasti<\/p>\n<p>Ja jos et pysty n\u00e4ytt\u00e4m\u00e4\u00e4n t\u00e4t\u00e4 selke\u00e4sti<\/p>\n<p>\ud83d\udc49 sinua ei osata ostaa<\/p>\n<h2><strong>Mit\u00e4 t\u00e4m\u00e4 kurssi tekee<\/strong><\/h2>\n<p>T\u00e4m\u00e4 kurssi n\u00e4ytt\u00e4\u00e4, miten rakennat omasta osaamisestasi selke\u00e4n interim-palvelun, joka istuu yrityksen tarpeeseen.<\/p>\n<p>Et j\u00e4\u00e4 teorian tasolle.<\/p>\n<p>\ud83d\udc49 rakennat oman palvelusi vaihe vaiheelta<\/p>\n<h2><strong>T\u00e4m\u00e4n j\u00e4lkeen osaat<\/strong><\/h2>\n<p>\ud83d\udc49 m\u00e4\u00e4ritt\u00e4\u00e4 mit\u00e4 myyt interimina ja kenelle<br \/>\n\ud83d\udc49 tunnistaa tilanteet, joissa yritys ostaa interim-osaamista<br \/>\n\ud83d\udc49 muotoilla palvelusi selke\u00e4ksi kokonaisuudeksi<br \/>\n\ud83d\udc49 hinnoitella palvelusi j\u00e4rkev\u00e4sti<br \/>\n\ud83d\udc49 l\u00e4hte\u00e4 tarjoamaan sit\u00e4 ilman ep\u00e4r\u00f6inti\u00e4<\/p>\n<h2><strong>Mit\u00e4 kurssi sis\u00e4lt\u00e4\u00e4<\/strong><\/h2>\n<p>Kurssi etenee selke\u00e4n\u00e4 kokonaisuutena:<\/p>\n<p>\ud83d\udc49 johdanto interim-ty\u00f6h\u00f6n ja milloin sit\u00e4 ostetaan<br \/>\n\ud83d\udc49 oman osaamisen tuotteistaminen interim-palveluksi<br \/>\n\ud83d\udc49 oman markkinaraon ja kohdeyleis\u00f6n l\u00f6yt\u00e4minen<br \/>\n\ud83d\udc49 hinnoittelu ja kannattavuus<br \/>\n\ud83d\udc49 myynti ja markkinointi (miten saat ensimm\u00e4iset toimeksiannot)<br \/>\n\ud83d\udc49 toimeksiannon onnistunut l\u00e4pivienti<br \/>\n\ud83d\udc49 toimeksiannon p\u00e4\u00e4tt\u00e4minen ja jatkuvuuden rakentaminen<\/p>\n<p>Mukana:<\/p>\n<p>\ud83d\udc49 konkreettiset esimerkit<br \/>\n\ud83d\udc49 selke\u00e4 rakenne tekemiseen<br \/>\n\ud83d\udc49 ty\u00f6st\u00f6osuudet, joilla rakennat oman interim-palvelusi<\/p>\n<h2><strong>Kenelle t\u00e4m\u00e4 on<\/strong><\/h2>\n<p>\ud83d\udc49 sinulle, joka haluat myyd\u00e4 omaa osaamistasi interimina<br \/>\n\ud83d\udc49 sinulle, joka mietit uutta suuntaa tai lis\u00e4tulonl\u00e4hdett\u00e4<br \/>\n\ud83d\udc49 sinulle, joka haluat selkeytt\u00e4\u00e4 mit\u00e4 myyt ja miten<\/p>\n<h2><strong>Kenelle t\u00e4m\u00e4 ei ole<\/strong><\/h2>\n<p>\ud83d\udc49 jos et ole valmis tekem\u00e4\u00e4n p\u00e4\u00e4t\u00f6ksi\u00e4 omasta suunnastasi<br \/>\n\ud83d\udc49 jos et halua kirkastaa mit\u00e4 myyt<br \/>\n\ud83d\udc49 jos etsit nopeita \u201ctee t\u00e4m\u00e4 ja saat asiakkaan\u201d -temppuja<\/p>\n<h2><strong>Miksi t\u00e4m\u00e4 toimii<\/strong><\/h2>\n<p>Koska interim ei ole ty\u00f6rooli.<\/p>\n<p>\ud83d\udc49 se on ratkaisu yrityksen akuuttiin tarpeeseen<\/p>\n<p>Kun ymm\u00e4rr\u00e4t:<\/p>\n<p>\ud83d\udc49 mit\u00e4 ongelmaa ratkaiset<br \/>\n\ud83d\udc49 miss\u00e4 tilanteessa<br \/>\n\ud83d\udc49 mill\u00e4 tavalla<\/p>\n<p>\ud83d\udc49 palvelusi alkaa k\u00e4yd\u00e4 j\u00e4rkeen my\u00f6s ostajalle<\/p>\n<h2><strong>Ota t\u00e4m\u00e4 k\u00e4ytt\u00f6\u00f6n nyt<\/strong><\/h2>\n<p>\ud83d\udc49 Jos olet miettinyt interimia, mutta et ole saanut sit\u00e4 liikkeelle<br \/>\n\ud83d\udc49 t\u00e4m\u00e4 on se kohta, jossa se muuttuu konkreettiseksi<\/p>\n<h2><strong>Lopuksi<\/strong><\/h2>\n<p>Jos kukaan ei tied\u00e4 mit\u00e4 myyt<br \/>\n\ud83d\udc49 ei kukaan my\u00f6sk\u00e4\u00e4n osaa ostaa sit\u00e4 sinulta vaikka sille olisi tarve<\/p>\n","protected":false},"excerpt":{"rendered":"<p>T\u00e4m\u00e4 kurssi opastaa kokeneita ammattilaisia muuntamaan oman osaamisensa myyt\u00e4v\u00e4ksi interim-palveluksi. Interim-ty\u00f6 tarkoittaa m\u00e4\u00e4r\u00e4aikaista t\u00e4sm\u00e4apua yritysten akuuttiin tarpeeseen tulosvastuullisesti. Se on joustava ja tehokas tapa tarjota asiantuntijuutta tilanteissa, joissa organisaatio tarvitsee nopeasti kokenutta tekij\u00e4\u00e4 ratkomaan ongelmia, johtamaan muutosta tai paikkaamaan kriittist\u00e4 osaamisvajetta.<\/p>\n<p>Kurssin aikana opit m\u00e4\u00e4rittelem\u00e4\u00e4n palvelusi, l\u00f6yt\u00e4m\u00e4\u00e4n oman markkinarakosi ja viem\u00e4\u00e4n asiantuntijuutesi onnistuneesti markkinoille k\u00e4yt\u00e4nn\u00f6nl\u00e4heisten ty\u00f6kalujen avulla.<\/p>\n<p>K\u00e4ymme l\u00e4pi koko interim-ammattilaisen polun ja toimeksiannon elinkaaren:<\/p>\n<ul class=\"wp-block-list\">\n<li><strong>Osaamisen paketointi:<\/strong>\u00a0Tunnistat oman ydinosaamisesi ja opit tuotteistamaan sen selke\u00e4ksi palvelulupaukseksi.<\/li>\n<li><strong>Markkinointi ja hinnoittelu:<\/strong>\u00a0L\u00f6yd\u00e4t oman kohderyhm\u00e4si, opit m\u00e4\u00e4ritt\u00e4m\u00e4\u00e4n palvelullesi oikean ja kannattavan hinnan sek\u00e4 hy\u00f6dynt\u00e4m\u00e4\u00e4n verkostoja myyntity\u00f6ss\u00e4.<\/li>\n<li><strong>Toimeksiannon hallinta:<\/strong>\u00a0Omaksut parhaat k\u00e4yt\u00e4nn\u00f6t siihen, miten otat uuden toimeksiannon nopeasti haltuun, kommunikoit tavoitteista asiakkaan kanssa ja viet ty\u00f6n tulosvastuullisesti maaliin.<\/li>\n<li><strong>P\u00e4\u00e4t\u00f6s ja jatkuvuus:<\/strong>\u00a0Opit siirt\u00e4m\u00e4\u00e4n vastuun tyylikk\u00e4\u00e4sti eteenp\u00e4in toimeksiannon lopussa ja varmistamaan uusien projektien jatkuvuuden.<\/li>\n<\/ul>\n<p>Kurssin suoritettuasi sinulla on valmiit ev\u00e4\u00e4t oman interim-liiketoimintasi k\u00e4ynnist\u00e4miseen ja asiantuntijapalvelusi menestyksekk\u00e4\u00e4seen myymiseen.<\/p>\n","protected":false},"featured_media":2872,"template":"","meta":[],"product_brand":[62],"product_cat":[63,54],"product_tag":[58,91,78,90,89,92],"class_list":{"0":"post-2870","1":"product","2":"type-product","3":"status-publish","4":"has-post-thumbnail","6":"product_brand-piadotsacademy","7":"product_cat-piadotsacademyall","8":"product_cat-yleinen","9":"product_tag-interim","10":"product_tag-maaraaikainen-tasmaapu","11":"product_tag-myyomaosaamisesi","12":"product_tag-osaaminen-palveluksi","13":"product_tag-rakenna-oma-interim-palvelusi","14":"product_tag-yritysten-akuuttiin-tarpeeseen","16":"first","17":"instock","18":"virtual","19":"taxable","20":"purchasable","21":"product-type-simple"},"_links":{"self":[{"href":"https:\/\/businessrakentamo.competencex.fi\/lms\/wp-json\/wp\/v2\/product\/2870","targetHints":{"allow":["GET"]}}],"collection":[{"href":"https:\/\/businessrakentamo.competencex.fi\/lms\/wp-json\/wp\/v2\/product"}],"about":[{"href":"https:\/\/businessrakentamo.competencex.fi\/lms\/wp-json\/wp\/v2\/types\/product"}],"wp:featuredmedia":[{"embeddable":true,"href":"https:\/\/businessrakentamo.competencex.fi\/lms\/wp-json\/wp\/v2\/media\/2872"}],"wp:attachment":[{"href":"https:\/\/businessrakentamo.competencex.fi\/lms\/wp-json\/wp\/v2\/media?parent=2870"}],"wp:term":[{"taxonomy":"product_brand","embeddable":true,"href":"https:\/\/businessrakentamo.competencex.fi\/lms\/wp-json\/wp\/v2\/product_brand?post=2870"},{"taxonomy":"product_cat","embeddable":true,"href":"https:\/\/businessrakentamo.competencex.fi\/lms\/wp-json\/wp\/v2\/product_cat?post=2870"},{"taxonomy":"product_tag","embeddable":true,"href":"https:\/\/businessrakentamo.competencex.fi\/lms\/wp-json\/wp\/v2\/product_tag?post=2870"}],"curies":[{"name":"wp","href":"https:\/\/api.w.org\/{rel}","templated":true}]}}