{"id":3371,"date":"2026-04-24T10:31:34","date_gmt":"2026-04-24T07:31:34","guid":{"rendered":"https:\/\/businessrakentamo.competencex.fi\/lms\/?post_type=product&#038;p=3371"},"modified":"2026-04-24T10:38:31","modified_gmt":"2026-04-24T07:38:31","slug":"iranin-sota-riski-vai-mahdollisuus-suomalaisille-pk-yrityksille","status":"publish","type":"product","link":"https:\/\/businessrakentamo.competencex.fi\/lms\/tuote\/iranin-sota-riski-vai-mahdollisuus-suomalaisille-pk-yrityksille\/","title":{"rendered":"Iranin sota &#8211; riski vai mahdollisuus suomalaisille PK-yrityksille?"},"content":{"rendered":"<p>Iranin konflikti ei ole vain kaukainen uutinen, vaan se vaikuttaa monin tavoin my\u00f6s suomalaisten pienten ja keskisuurten yritysten toimintaan. T\u00e4m\u00e4n kurssin tarkoituksena on auttaa sinua ymm\u00e4rt\u00e4m\u00e4\u00e4n, mit\u00e4 n\u00e4m\u00e4 globaalit muutokset tarkoittavat juuri sinun liiketoiminnallesi.<\/p>\n<p>Kurssilla k\u00e4sittelemme selke\u00e4sti ja ymm\u00e4rrett\u00e4v\u00e4sti niit\u00e4 haasteita, joita muuttunut turvallisuustilanne tuo mukanaan. Keskitymme kuitenkin ennen kaikkea k\u00e4yt\u00e4nn\u00f6nl\u00e4heisiin ratkaisuihin. Opit hahmottamaan, miten kansainv\u00e4linen tilanne, pakotteet ja vientirajoitukset voivat vaikuttaa yrityksesi kustannuksiin, myyntiin ja asiakkaiden kysynt\u00e4\u00e4n &#8211; <strong>sek\u00e4 negatiivisesti ett\u00e4 positiivisesti<\/strong>.<\/p>\n<p><em>Saat k\u00e4yt\u00e4nn\u00f6nl\u00e4heisi\u00e4 ty\u00f6kaluja siihen, miten hallita riskej\u00e4 ja mahdollisuuksia. Kurssin aikana kartoitat suurimmat riskit ja mahdollisuudet, ymm\u00e4rr\u00e4t niiden <strong>todenn\u00e4k\u00f6isyyden<\/strong>, <strong>t\u00e4rkeyden<\/strong> ja my\u00f6s <strong>taloudellisen vaikuttavuuden<\/strong> yrityksellesi.<\/em><\/p>\n<p>Koska tulevaisuuden ennustaminen on vaikeaa, opastamme sinua tarkastelemaan yrityksesi riskien\/mahdollisuuksien hallintaa erilaisten skenaarioiden kautta. N\u00e4in osaat varautua niin optimistisiin, neutraaleihin kuin pessimistisiinkin kehityskulkuihin. Lopuksi annamme sinulle konkreettiset keinot riskien tunnistamiseen ja taloudellisten vaikutusten simulointiin. Kriisitilanteet voivat avata my\u00f6s uusia ovia, joten opit samalla tunnistamaan ja hy\u00f6dynt\u00e4m\u00e4\u00e4n muuttuvan markkinatilanteen tarjoamia uusia mahdollisuuksia.<\/p>\n<p>T\u00e4m\u00e4 kurssi on suunniteltu erityisesti <strong>mikro- ja PK-yritysten vet\u00e4jille, p\u00e4\u00e4tt\u00e4jille, riskienhallinnan ammattilaisille ja innovaatiooiden kehitt\u00e4jille<\/strong>, jotka haluavat turvata yrityksens\u00e4 jatkuvuuden ep\u00e4varmoina aikoina ja olla my\u00f6s luomassa uutta liiketoimintaa.<\/p>\n<p>Kurssin aikana harjoitellaan riskien ja mahdollisuuksien hallintaa sek\u00e4 taloudellisten vaikutusten laskemista yrityksen omilla luvuilla ja eri skenaarioilla. Harjoituksissa hy\u00f6dynnet\u00e4\u00e4n juuri t\u00e4h\u00e4n tarkoitukseen kehitettyj\u00e4 <strong>Business Simulaattoreita<\/strong>.<\/p>\n<p>Kurssin hintaan kuuluu 2 tunnin (et\u00e4)sparraus Antin kanssa. K\u00e4ymme l\u00e4pi kurssin aikana her\u00e4nneit\u00e4 kysymyksi\u00e4 ja miten varmistat toimivan riskien sek\u00e4 mahdollisuuksien hallinnan yrityksessasi.<\/p>\n<p>Oletko valmis vahvistamaan yrityksesi kriisinkest\u00e4vyytt\u00e4 ja hy\u00f6dynt\u00e4m\u00e4\u00e4n muutoksen tuomat mahdollisuudet? Aloitetaan oppiminen!<\/p>\n<hr \/>\n<p>Kurssin on toteuttanut <a href=\"http:\/\/www.ultraleansales.com\">UltraLeanBusiness Oy Ltd<\/a>:n toimitusjohtaja Antti Leijala (<a href=\"https:\/\/www.linkedin.com\/in\/anttileijala\/\">LinkedIn<\/a>). Antilla on yli 20 vuoden kansainv\u00e4linen johtajakokemus ja h\u00e4n on konsultoinut\/valmentanut yli 300 yrityst\u00e4 yli 200 toimialalta. Antti tekee my\u00f6s <a href=\"http:\/\/www.internetofcompetition.com\">v\u00e4it\u00f6stutkimusta<\/a> B2B-ostok\u00e4ytt\u00e4ytymisen muutoksista ja h\u00e4n on <strong>Business Simuloinnin edell\u00e4k\u00e4vij\u00e4 Suomessa<\/strong> &#8211; t\u00e4t\u00e4 kaikkea osaamista hy\u00f6dynnet\u00e4\u00e4n my\u00f6s t\u00e4ll\u00e4 kurssilla.<\/p>\n","protected":false},"excerpt":{"rendered":"<p>Iranin konflikti ei ole vain kaukainen uutinen, vaan se vaikuttaa monin tavoin my\u00f6s suomalaisten pienten ja keskisuurten yritysten toimintaan. T\u00e4m\u00e4n kurssin tarkoituksena on auttaa sinua&hellip;<\/p>\n","protected":false},"featured_media":3380,"template":"","meta":[],"product_brand":[],"product_cat":[104,105],"product_tag":[],"class_list":{"0":"post-3371","1":"product","2":"type-product","3":"status-publish","4":"has-post-thumbnail","6":"product_cat-puolustus-nato","7":"product_cat-riskien-hallinta","9":"first","10":"instock","11":"virtual","12":"sold-individually","13":"taxable","14":"purchasable","15":"product-type-simple"},"_links":{"self":[{"href":"https:\/\/businessrakentamo.competencex.fi\/lms\/wp-json\/wp\/v2\/product\/3371","targetHints":{"allow":["GET"]}}],"collection":[{"href":"https:\/\/businessrakentamo.competencex.fi\/lms\/wp-json\/wp\/v2\/product"}],"about":[{"href":"https:\/\/businessrakentamo.competencex.fi\/lms\/wp-json\/wp\/v2\/types\/product"}],"wp:featuredmedia":[{"embeddable":true,"href":"https:\/\/businessrakentamo.competencex.fi\/lms\/wp-json\/wp\/v2\/media\/3380"}],"wp:attachment":[{"href":"https:\/\/businessrakentamo.competencex.fi\/lms\/wp-json\/wp\/v2\/media?parent=3371"}],"wp:term":[{"taxonomy":"product_brand","embeddable":true,"href":"https:\/\/businessrakentamo.competencex.fi\/lms\/wp-json\/wp\/v2\/product_brand?post=3371"},{"taxonomy":"product_cat","embeddable":true,"href":"https:\/\/businessrakentamo.competencex.fi\/lms\/wp-json\/wp\/v2\/product_cat?post=3371"},{"taxonomy":"product_tag","embeddable":true,"href":"https:\/\/businessrakentamo.competencex.fi\/lms\/wp-json\/wp\/v2\/product_tag?post=3371"}],"curies":[{"name":"wp","href":"https:\/\/api.w.org\/{rel}","templated":true}]}}