{"id":3372,"date":"2026-04-24T10:31:34","date_gmt":"2026-04-24T07:31:34","guid":{"rendered":"https:\/\/businessrakentamo.competencex.fi\/lms\/?post_type=product&#038;p=3372"},"modified":"2026-04-24T11:00:04","modified_gmt":"2026-04-24T08:00:04","slug":"ultraleansales2-0-kirja","status":"publish","type":"product","link":"https:\/\/businessrakentamo.competencex.fi\/lms\/tuote\/ultraleansales2-0-kirja\/","title":{"rendered":"UltraLeanSales2.0 &#8211; Kirja"},"content":{"rendered":"<p>Tied\u00e4tk\u00f6 miksi asiakkaasi ostavat juuri sinulta \u2013 tai miksi ei?<\/p>\n<p>Kasvata myynti\u00e4 tiedon avulla<\/p>\n<p>UltraLeanSales\u00ae &#8211; Jatkuvan oppisen malli<\/p>\n<p>Systemaattisen B2B-markkinoinnin ja -myynnin jatkuvan oppimisen mallin avulla selkeyt\u00e4t asiakkaidesi ostok\u00e4ytt\u00e4ytymisen juurisyyt ja opit kasvattamaan myynti\u00e4 tiedon avulla, arvailujen sijaan!<\/p>\n","protected":false},"excerpt":{"rendered":"<p>Tied\u00e4tk\u00f6 miksi asiakkaasi ostavat juuri sinulta \u2013 tai miksi ei? Kasvata myynti\u00e4 tiedon avulla UltraLeanSales\u00ae &#8211; Jatkuvan oppisen malli Systemaattisen B2B-markkinoinnin ja -myynnin jatkuvan oppimisen&hellip;<\/p>\n","protected":false},"featured_media":3381,"template":"","meta":[],"product_brand":[],"product_cat":[100,101,106,102],"product_tag":[],"class_list":{"0":"post-3372","1":"product","2":"type-product","3":"status-publish","4":"has-post-thumbnail","6":"product_cat-asiakkaan-roi","7":"product_cat-business-simulointi","8":"product_cat-kirjat","9":"product_cat-myynnin-tehostus","11":"first","12":"instock","13":"taxable","14":"shipping-taxable","15":"purchasable","16":"product-type-variable"},"_links":{"self":[{"href":"https:\/\/businessrakentamo.competencex.fi\/lms\/wp-json\/wp\/v2\/product\/3372","targetHints":{"allow":["GET"]}}],"collection":[{"href":"https:\/\/businessrakentamo.competencex.fi\/lms\/wp-json\/wp\/v2\/product"}],"about":[{"href":"https:\/\/businessrakentamo.competencex.fi\/lms\/wp-json\/wp\/v2\/types\/product"}],"wp:featuredmedia":[{"embeddable":true,"href":"https:\/\/businessrakentamo.competencex.fi\/lms\/wp-json\/wp\/v2\/media\/3381"}],"wp:attachment":[{"href":"https:\/\/businessrakentamo.competencex.fi\/lms\/wp-json\/wp\/v2\/media?parent=3372"}],"wp:term":[{"taxonomy":"product_brand","embeddable":true,"href":"https:\/\/businessrakentamo.competencex.fi\/lms\/wp-json\/wp\/v2\/product_brand?post=3372"},{"taxonomy":"product_cat","embeddable":true,"href":"https:\/\/businessrakentamo.competencex.fi\/lms\/wp-json\/wp\/v2\/product_cat?post=3372"},{"taxonomy":"product_tag","embeddable":true,"href":"https:\/\/businessrakentamo.competencex.fi\/lms\/wp-json\/wp\/v2\/product_tag?post=3372"}],"curies":[{"name":"wp","href":"https:\/\/api.w.org\/{rel}","templated":true}]}}