{"id":3373,"date":"2026-04-24T10:31:34","date_gmt":"2026-04-24T07:31:34","guid":{"rendered":"https:\/\/businessrakentamo.competencex.fi\/lms\/?post_type=product&#038;p=3373"},"modified":"2026-04-24T11:00:23","modified_gmt":"2026-04-24T08:00:23","slug":"ekd-buuster-kirja","status":"publish","type":"product","link":"https:\/\/businessrakentamo.competencex.fi\/lms\/tuote\/ekd-buuster-kirja\/","title":{"rendered":"EKD Buuster -kirja"},"content":{"rendered":"<p>Elinvoiman Kehitt\u00e4minen Datalla (EKD) -analyysi on yhteiskunnan tarjoama uusi ja maksuton palvelu, joka soveltuu yli kymmenen hengen yrityksille sek\u00e4 my\u00f6s ketjuyrityksille ja alihankintaketjuille. T\u00e4m\u00e4 alusta ja ker\u00e4tt\u00e4v\u00e4 tieto tulee olemaan pohjana my\u00f6s yhteiskunnan kilpailukyvyn kehitt\u00e4miselle.<\/p>\n<p>Pelkk\u00e4 alusta ja sen kautta ker\u00e4tt\u00e4v\u00e4 data ei riit\u00e4. Sek\u00e4 johtajien ett\u00e4 henkil\u00f6st\u00f6n pit\u00e4\u00e4 ymm\u00e4rt\u00e4\u00e4 kokonaisuus ja miten tietoa hy\u00f6dynnet\u00e4\u00e4n osana strategista kehitt\u00e4mist\u00e4, muutosten l\u00e4pivienti\u00e4 ja systemaattista kilpailukyvyn kasvattamista. T\u00e4h\u00e4n haasteeseen EKD Buuster kirja pyrkii antamaan vastaukset mahdollisimman selke\u00e4sti ja konkreettisesti.<\/p>\n<p>Esit\u00e4mme EKD-analyysin yritysten n\u00e4k\u00f6kulmasta. Tietoa on nyt monipuolisesti saatavilla, mutta miten tietoa tulkitaan? Miten EKD-data yhdistet\u00e4\u00e4n yrityksen strategiseen suunnitteluun ja sen toteutukseen? Miten l\u00f6ydetyt kehitt\u00e4mistoimet priorisoidaan, niin ett\u00e4 niill\u00e4 on maksimaalinen taloudellinen vaikutus? Miten tiedon pohjalta k\u00e4ynnistet\u00e4\u00e4n jatkuvan kehitt\u00e4misen kulttuuri, jossa huomioidaan sek\u00e4 nopeat voitot, ett\u00e4 pidempikestoinen yrityksen johtamis- ja oppimiskulttuurin muutos.<\/p>\n<p>Tiiviiss\u00e4, mutta kattavassa kirjassa k\u00e4yd\u00e4\u00e4n l\u00e4pi EKD &#8211; Company Fitness Indexin\u00ae osa-alueet, johtaminen, tehokkuus ja kyvykkyys, sek\u00e4 yhdistet\u00e4\u00e4n kokonaisuus tarvittaviin yrityskulttuurin muutoksiin ja toiminnallisiin\/taloudellisiin mittareihin. Kirjan luettuasi, ymm\u00e4rr\u00e4t mist\u00e4 EKD:ss\u00e4 on kyse ja tied\u00e4t mit\u00e4 sinun kannattaa tehd\u00e4 yrityksen kilpailukyvyn parantamiseksi.<\/p>\n","protected":false},"excerpt":{"rendered":"<p>Elinvoiman Kehitt\u00e4minen Datalla (EKD) -analyysi on yhteiskunnan tarjoama uusi ja maksuton palvelu, joka soveltuu yli kymmenen hengen yrityksille sek\u00e4 my\u00f6s ketjuyrityksille ja alihankintaketjuille. T\u00e4m\u00e4 alusta&hellip;<\/p>\n","protected":false},"featured_media":3382,"template":"","meta":[],"product_brand":[],"product_cat":[106],"product_tag":[],"class_list":{"0":"post-3373","1":"product","2":"type-product","3":"status-publish","4":"has-post-thumbnail","6":"product_cat-kirjat","8":"first","9":"instock","10":"taxable","11":"shipping-taxable","12":"purchasable","13":"product-type-simple"},"_links":{"self":[{"href":"https:\/\/businessrakentamo.competencex.fi\/lms\/wp-json\/wp\/v2\/product\/3373","targetHints":{"allow":["GET"]}}],"collection":[{"href":"https:\/\/businessrakentamo.competencex.fi\/lms\/wp-json\/wp\/v2\/product"}],"about":[{"href":"https:\/\/businessrakentamo.competencex.fi\/lms\/wp-json\/wp\/v2\/types\/product"}],"wp:featuredmedia":[{"embeddable":true,"href":"https:\/\/businessrakentamo.competencex.fi\/lms\/wp-json\/wp\/v2\/media\/3382"}],"wp:attachment":[{"href":"https:\/\/businessrakentamo.competencex.fi\/lms\/wp-json\/wp\/v2\/media?parent=3373"}],"wp:term":[{"taxonomy":"product_brand","embeddable":true,"href":"https:\/\/businessrakentamo.competencex.fi\/lms\/wp-json\/wp\/v2\/product_brand?post=3373"},{"taxonomy":"product_cat","embeddable":true,"href":"https:\/\/businessrakentamo.competencex.fi\/lms\/wp-json\/wp\/v2\/product_cat?post=3373"},{"taxonomy":"product_tag","embeddable":true,"href":"https:\/\/businessrakentamo.competencex.fi\/lms\/wp-json\/wp\/v2\/product_tag?post=3373"}],"curies":[{"name":"wp","href":"https:\/\/api.w.org\/{rel}","templated":true}]}}