{"id":3374,"date":"2026-04-24T10:31:34","date_gmt":"2026-04-24T07:31:34","guid":{"rendered":"https:\/\/businessrakentamo.competencex.fi\/lms\/?post_type=product&#038;p=3374"},"modified":"2026-04-24T10:40:16","modified_gmt":"2026-04-24T07:40:16","slug":"yrityksen-perustamisen-opas-keskity-asiakkaan-saamaan-arvoon","status":"publish","type":"product","link":"https:\/\/businessrakentamo.competencex.fi\/lms\/tuote\/yrityksen-perustamisen-opas-keskity-asiakkaan-saamaan-arvoon\/","title":{"rendered":"Yrityksen perustamisen opas: Keskity asiakkaan saamaan arvoon"},"content":{"rendered":"<p>Erilaiset oppaat yrityksen perustamiseen l\u00e4htev\u00e4t usein liikkeelle Y-tunnuksesta ja starttirahasta. T\u00e4m\u00e4 kurssi on erilainen. Keskitymme (B2B) <strong>asiakkaan saamaan taloudelliseen lis\u00e4arvoon<\/strong>.<\/p>\n<p>Jos tuotteesi tai palvelusi ei tuota asiakkaalle mitattavaa arvoa, yrityst\u00e4 ei kannata perustaa.<\/p>\n<blockquote>\n<h3><strong><span style=\"color: #0000ff;\">T\u00e4m\u00e4 on todellinen &#8221;Win-Win&#8221; sinulle!<\/span> Mik\u00e4li p\u00e4\u00e4dyt perustamaan yrityksen, on sill\u00e4 vankka pohja ja edellytykset kannattavaan liiketoimintaan. Mik\u00e4li taas p\u00e4\u00e4tyt kuoppaamaan koko idean, s\u00e4\u00e4st\u00e4t perustamiskuluissa useita satasia.<\/strong><\/h3>\n<\/blockquote>\n<p>Kurssin aikana opit k\u00e4\u00e4nt\u00e4m\u00e4\u00e4n katseesi omasta tuotteestasi asiakkaan todellisiin ongelmiin ja taloudellisiin kipupisteisiin. Opit rakentamaan vahvan arvolupauksen ja laskemaan asiakkaan saaman hy\u00f6dyn konkreettisesti euroina. Tutustumme my\u00f6s aitoihin esimerkkeihin yrityksist\u00e4, jotka ovat onnistuneet viestim\u00e4\u00e4n tuottamansa arvon selke\u00e4sti.<\/p>\n<p>Vasta kun asiakkaan saama arvo on t\u00e4ysin selv\u00e4 ja testattu k\u00e4yt\u00e4nn\u00f6ss\u00e4, on oikea aika mietti\u00e4 yrityksen virallista perustamista. Kun toimit n\u00e4in, yrityksell\u00e4si on heti alusta alkaen vahva, kannattava ja kest\u00e4v\u00e4 pohja.<\/p>\n<p>Oletko valmis unohtamaan hetkeksi Y-tunnuksen ja keskittym\u00e4\u00e4n siihen, mik\u00e4 todella ratkaisee yrityksesi menestyksen?<\/p>\n<p><iframe loading=\"lazy\" title=\"N\u00e4in teet arvolupauksestasi konkreettisen ja uskottavan\" width=\"640\" height=\"360\" src=\"https:\/\/www.youtube.com\/embed\/Qsz63ofZyaM?feature=oembed\" frameborder=\"0\" allow=\"accelerometer; autoplay; clipboard-write; encrypted-media; gyroscope; picture-in-picture; web-share\" referrerpolicy=\"strict-origin-when-cross-origin\" allowfullscreen><\/iframe><\/p>\n","protected":false},"excerpt":{"rendered":"<p>Erilaiset oppaat yrityksen perustamiseen l\u00e4htev\u00e4t usein liikkeelle Y-tunnuksesta ja starttirahasta. T\u00e4m\u00e4 kurssi on erilainen. Keskitymme (B2B) asiakkaan saamaan taloudelliseen lis\u00e4arvoon. Jos tuotteesi tai palvelusi ei&hellip;<\/p>\n","protected":false},"featured_media":3383,"template":"","meta":[],"product_brand":[],"product_cat":[100,101,102,103],"product_tag":[],"class_list":{"0":"post-3374","1":"product","2":"type-product","3":"status-publish","4":"has-post-thumbnail","6":"product_cat-asiakkaan-roi","7":"product_cat-business-simulointi","8":"product_cat-myynnin-tehostus","9":"product_cat-yrittajyys","11":"first","12":"instock","13":"virtual","14":"sold-individually","15":"taxable","16":"purchasable","17":"product-type-simple"},"_links":{"self":[{"href":"https:\/\/businessrakentamo.competencex.fi\/lms\/wp-json\/wp\/v2\/product\/3374","targetHints":{"allow":["GET"]}}],"collection":[{"href":"https:\/\/businessrakentamo.competencex.fi\/lms\/wp-json\/wp\/v2\/product"}],"about":[{"href":"https:\/\/businessrakentamo.competencex.fi\/lms\/wp-json\/wp\/v2\/types\/product"}],"wp:featuredmedia":[{"embeddable":true,"href":"https:\/\/businessrakentamo.competencex.fi\/lms\/wp-json\/wp\/v2\/media\/3383"}],"wp:attachment":[{"href":"https:\/\/businessrakentamo.competencex.fi\/lms\/wp-json\/wp\/v2\/media?parent=3374"}],"wp:term":[{"taxonomy":"product_brand","embeddable":true,"href":"https:\/\/businessrakentamo.competencex.fi\/lms\/wp-json\/wp\/v2\/product_brand?post=3374"},{"taxonomy":"product_cat","embeddable":true,"href":"https:\/\/businessrakentamo.competencex.fi\/lms\/wp-json\/wp\/v2\/product_cat?post=3374"},{"taxonomy":"product_tag","embeddable":true,"href":"https:\/\/businessrakentamo.competencex.fi\/lms\/wp-json\/wp\/v2\/product_tag?post=3374"}],"curies":[{"name":"wp","href":"https:\/\/api.w.org\/{rel}","templated":true}]}}