{"id":3375,"date":"2026-04-24T10:31:34","date_gmt":"2026-04-24T07:31:34","guid":{"rendered":"https:\/\/businessrakentamo.competencex.fi\/lms\/?post_type=product&#038;p=3375"},"modified":"2026-04-24T10:36:33","modified_gmt":"2026-04-24T07:36:33","slug":"ilmatilaloukkaukset-riski-vai-mahdollisuus-suomalaisille-pk-yrityksille","status":"publish","type":"product","link":"https:\/\/businessrakentamo.competencex.fi\/lms\/tuote\/ilmatilaloukkaukset-riski-vai-mahdollisuus-suomalaisille-pk-yrityksille\/","title":{"rendered":"Ilmatilaloukkaukset \u2013 riski vai mahdollisuus suomalaisille PK-yrityksille?"},"content":{"rendered":"<p>Uutisissa n\u00e4kyv\u00e4t ilmatilaloukkaukset saattavat ensin tuntua asioilta, jotka kuuluvat vain valtionjohdon ja puolustusvoimien p\u00f6yd\u00e4lle. Todellisuudessa n\u00e4ill\u00e4 tapahtumilla voi kuitenkin olla yll\u00e4tt\u00e4vi\u00e4, sek\u00e4 <strong>v\u00e4litt\u00f6mi\u00e4 ett\u00e4 v\u00e4lillisi\u00e4 vaikutuksia aivan tavallisten suomalaisten yritysten arkeen<\/strong>.<\/p>\n<p>T\u00e4m\u00e4 kurssi on suunniteltu erityisesti <strong>mikro- ja PK-yritysten johdolle<\/strong>. Tavoitteenamme on auttaa sinua ymm\u00e4rt\u00e4m\u00e4\u00e4n, miksi ja miten kansainv\u00e4lisen turvallisuustilanteen heilahtelut koskettavat juuri sinun liiketoimintaasi, ja miten voit varautua niihin.<\/p>\n<p>Kurssin aikana opit tunnistamaan yrityksesi toimintaan kohdistuvat <strong>riskit ja my\u00f6s mahdollisuudet<\/strong>. K\u00e4ymme l\u00e4pi k\u00e4yt\u00e4nn\u00f6nl\u00e4heisi\u00e4 esimerkkej\u00e4 siit\u00e4, miten poikkeustilanteet voivat heijastua esimerkiksi toimitusketjuihin, logistiikkaan, tietoturvaan ja viestint\u00e4verkkojen toimivuuteen. Lis\u00e4ksi opit ymm\u00e4rt\u00e4m\u00e4\u00e4n, miten ep\u00e4varmuus voi muuttaa asiakkaidesi k\u00e4ytt\u00e4ytymist\u00e4 ja jopa luoda uusia markkinoita.<\/p>\n<p>Emme keskity pelkkiin uhkakuviin. Kurssi tarjoaa sinulle selkeit\u00e4 ty\u00f6kaluja ja k\u00e4yt\u00e4nn\u00f6n sopeutustoimia, joiden avulla voit turvata yrityksesi toiminnan. Opit tunnistamaan liiketoimintasi heikot kohdat, riskien ja mahdollisuuksien hallintaa, <strong>taloudellisten vaikutusten arviointia<\/strong>, <strong>skenaariosuunnittelua<\/strong> ja luomaan joustavia toimintamalleja. Samalla k\u00e4ymme l\u00e4pi, miten voit parhaiten ohjeistaa ja tukea <strong>henkil\u00f6st\u00f6\u00e4si<\/strong> muutoksen keskell\u00e4.<\/p>\n<p>Muutos ja ep\u00e4varmuus tuovat aina mukanaan my\u00f6s uusia mahdollisuuksia sek\u00e4 kotimaassa ett\u00e4 kansainv\u00e4lisesti. Oikealla varautumisella yrityksesi voi paitsi selvit\u00e4 h\u00e4iri\u00f6tilanteista, my\u00f6s l\u00f6yt\u00e4\u00e4 uusia tapoja menesty\u00e4 tulevina vuosina. <strong>Jokaisessa kriisiss\u00e4 on voittajia \u2013 l\u00e4hdet\u00e4\u00e4n yhdess\u00e4 rakentamaan yrityksest\u00e4si entist\u00e4kin vahvempi ja kest\u00e4v\u00e4mpi.<\/strong><\/p>\n<p>Kurssin aikana harjoitellaan riskien ja mahdollisuuksien hallintaa sek\u00e4 taloudellisten vaikutusten laskemista yrityksen omilla luvuilla ja eri skenaarioilla. Harjoituksissa hy\u00f6dynnet\u00e4\u00e4n juuri t\u00e4h\u00e4n tarkoitukseen kehitettyj\u00e4 <strong>Business Simulaattoreita<\/strong>.<\/p>\n<p>Kurssin hintaan kuuluu 2 tunnin (et\u00e4)sparraus Antin kanssa. K\u00e4ymme l\u00e4pi kurssin aikana her\u00e4nneit\u00e4 kysymyksi\u00e4 ja miten varmistat toimivan riskien sek\u00e4 mahdollisuuksien hallinnan yrityksessasi.<\/p>\n<hr \/>\n<p>Kurssin on toteuttanut <a href=\"http:\/\/www.ultraleansales.com\">UltraLeanBusiness Oy Ltd<\/a>:n toimitusjohtaja Antti Leijala (<a href=\"https:\/\/www.linkedin.com\/in\/anttileijala\/\">LinkedIn<\/a>). Antilla on yli 20 vuoden kansainv\u00e4linen johtajakokemus ja h\u00e4n on konsultoinut\/valmentanut yli 300 yrityst\u00e4 yli 200 toimialalta. Antti tekee my\u00f6s <a href=\"http:\/\/www.internetofcompetition.com\">v\u00e4it\u00f6stutkimusta<\/a> B2B-ostok\u00e4ytt\u00e4ytymisen muutoksista ja h\u00e4n on <strong>Business Simuloinnin edell\u00e4k\u00e4vij\u00e4 Suomessa<\/strong> &#8211; t\u00e4t\u00e4 kaikkea osaamista hy\u00f6dynnet\u00e4\u00e4n my\u00f6s t\u00e4ll\u00e4 kurssilla.<\/p>\n","protected":false},"excerpt":{"rendered":"<p>Uutisissa n\u00e4kyv\u00e4t ilmatilaloukkaukset saattavat ensin tuntua asioilta, jotka kuuluvat vain valtionjohdon ja puolustusvoimien p\u00f6yd\u00e4lle. Todellisuudessa n\u00e4ill\u00e4 tapahtumilla voi kuitenkin olla yll\u00e4tt\u00e4vi\u00e4, sek\u00e4 v\u00e4litt\u00f6mi\u00e4 ett\u00e4 v\u00e4lillisi\u00e4&hellip;<\/p>\n","protected":false},"featured_media":3384,"template":"","meta":[],"product_brand":[],"product_cat":[101,104,105,103],"product_tag":[],"class_list":{"0":"post-3375","1":"product","2":"type-product","3":"status-publish","4":"has-post-thumbnail","6":"product_cat-business-simulointi","7":"product_cat-puolustus-nato","8":"product_cat-riskien-hallinta","9":"product_cat-yrittajyys","11":"first","12":"instock","13":"virtual","14":"sold-individually","15":"taxable","16":"purchasable","17":"product-type-simple"},"_links":{"self":[{"href":"https:\/\/businessrakentamo.competencex.fi\/lms\/wp-json\/wp\/v2\/product\/3375","targetHints":{"allow":["GET"]}}],"collection":[{"href":"https:\/\/businessrakentamo.competencex.fi\/lms\/wp-json\/wp\/v2\/product"}],"about":[{"href":"https:\/\/businessrakentamo.competencex.fi\/lms\/wp-json\/wp\/v2\/types\/product"}],"wp:featuredmedia":[{"embeddable":true,"href":"https:\/\/businessrakentamo.competencex.fi\/lms\/wp-json\/wp\/v2\/media\/3384"}],"wp:attachment":[{"href":"https:\/\/businessrakentamo.competencex.fi\/lms\/wp-json\/wp\/v2\/media?parent=3375"}],"wp:term":[{"taxonomy":"product_brand","embeddable":true,"href":"https:\/\/businessrakentamo.competencex.fi\/lms\/wp-json\/wp\/v2\/product_brand?post=3375"},{"taxonomy":"product_cat","embeddable":true,"href":"https:\/\/businessrakentamo.competencex.fi\/lms\/wp-json\/wp\/v2\/product_cat?post=3375"},{"taxonomy":"product_tag","embeddable":true,"href":"https:\/\/businessrakentamo.competencex.fi\/lms\/wp-json\/wp\/v2\/product_tag?post=3375"}],"curies":[{"name":"wp","href":"https:\/\/api.w.org\/{rel}","templated":true}]}}