{"id":3379,"date":"2026-04-24T10:31:35","date_gmt":"2026-04-24T07:31:35","guid":{"rendered":"https:\/\/businessrakentamo.competencex.fi\/lms\/?post_type=product&#038;p=3379"},"modified":"2026-04-24T10:35:12","modified_gmt":"2026-04-24T07:35:12","slug":"tilastojen-lukutaidon-perusteet","status":"publish","type":"product","link":"https:\/\/businessrakentamo.competencex.fi\/lms\/tuote\/tilastojen-lukutaidon-perusteet\/","title":{"rendered":"Tilastojen lukutaidon perusteet"},"content":{"rendered":"<p>T\u00e4m\u00e4 kurssi opettaa tilastojen lukutaidon perusteet yksinkertaisesti ja selke\u00e4sti. Kurssilla opit keskeiset k\u00e4sitteet, kuten mitta-asteikot, tunnusluvut ja aikavertailut. Ymm\u00e4rr\u00e4t, mit\u00e4 tilastot ovat, miten niit\u00e4 suhteutetaan ja miksi ne ovat t\u00e4rkeit\u00e4 yhteiskunnallisessa p\u00e4\u00e4t\u00f6ksenteossa. Lis\u00e4ksi opit tunnistamaan luotettavan tilastotiedon muun muassa v\u00e4est\u00f6st\u00e4, taloudesta ja hyvinvoinnista.<\/p>\n","protected":false},"excerpt":{"rendered":"<p>T\u00e4m\u00e4 kurssi opettaa tilastojen lukutaidon perusteet yksinkertaisesti ja selke\u00e4sti. Kurssilla opit keskeiset k\u00e4sitteet, kuten mitta-asteikot, tunnusluvut ja aikavertailut. Ymm\u00e4rr\u00e4t, mit\u00e4 tilastot ovat, miten niit\u00e4 suhteutetaan&hellip;<\/p>\n","protected":false},"featured_media":3386,"template":"","meta":[],"product_brand":[],"product_cat":[105,103],"product_tag":[],"class_list":{"0":"post-3379","1":"product","2":"type-product","3":"status-publish","4":"has-post-thumbnail","6":"product_cat-riskien-hallinta","7":"product_cat-yrittajyys","9":"first","10":"instock","11":"virtual","12":"sold-individually","13":"taxable","14":"purchasable","15":"product-type-simple"},"_links":{"self":[{"href":"https:\/\/businessrakentamo.competencex.fi\/lms\/wp-json\/wp\/v2\/product\/3379","targetHints":{"allow":["GET"]}}],"collection":[{"href":"https:\/\/businessrakentamo.competencex.fi\/lms\/wp-json\/wp\/v2\/product"}],"about":[{"href":"https:\/\/businessrakentamo.competencex.fi\/lms\/wp-json\/wp\/v2\/types\/product"}],"wp:featuredmedia":[{"embeddable":true,"href":"https:\/\/businessrakentamo.competencex.fi\/lms\/wp-json\/wp\/v2\/media\/3386"}],"wp:attachment":[{"href":"https:\/\/businessrakentamo.competencex.fi\/lms\/wp-json\/wp\/v2\/media?parent=3379"}],"wp:term":[{"taxonomy":"product_brand","embeddable":true,"href":"https:\/\/businessrakentamo.competencex.fi\/lms\/wp-json\/wp\/v2\/product_brand?post=3379"},{"taxonomy":"product_cat","embeddable":true,"href":"https:\/\/businessrakentamo.competencex.fi\/lms\/wp-json\/wp\/v2\/product_cat?post=3379"},{"taxonomy":"product_tag","embeddable":true,"href":"https:\/\/businessrakentamo.competencex.fi\/lms\/wp-json\/wp\/v2\/product_tag?post=3379"}],"curies":[{"name":"wp","href":"https:\/\/api.w.org\/{rel}","templated":true}]}}