{"id":3389,"date":"2026-04-24T10:42:16","date_gmt":"2026-04-24T07:42:16","guid":{"rendered":"https:\/\/businessrakentamo.competencex.fi\/lms\/?post_type=product&#038;p=3389"},"modified":"2026-04-24T10:44:01","modified_gmt":"2026-04-24T07:44:01","slug":"todista-asiakkaan-saama-roi-hyodyntaen-business-simulointia","status":"publish","type":"product","link":"https:\/\/businessrakentamo.competencex.fi\/lms\/tuote\/todista-asiakkaan-saama-roi-hyodyntaen-business-simulointia\/","title":{"rendered":"Todista asiakkaan saama ROI hy\u00f6dynt\u00e4en business-simulointia"},"content":{"rendered":"<p>Business Simuloinnin avulla voit laskea ja todentaa selkokielell\u00e4 ja uskottavasti <strong>asiakkaalle tuotetun taloudellisen lis\u00e4arvon, takaisinmaksuajan ja ROI:n<\/strong>.<\/p>\n<p>Kurssi on suunnattu B2B-yrityksille koosta ja toimialasta riippumatta.<\/p>\n<p>Kurssi on k\u00e4yt\u00e4nn\u00f6nl\u00e4heinen: opit ker\u00e4\u00e4m\u00e4\u00e4n oikeat <strong>l\u00e4ht\u00f6tiedot<\/strong>, rakentamaan luotettavat <strong>kustannus- ja hy\u00f6tymallit<\/strong>, tekem\u00e4\u00e4n <strong>herkkyysanalyysin<\/strong> ja viestim\u00e4\u00e4n tulokset siten, ett\u00e4 <strong>v\u00e4lt\u00e4t hintakilpailun<\/strong> ja <strong>kasvatat tarjousten voittotodenn\u00e4k\u00f6isyytt\u00e4<\/strong>.<\/p>\n<p>T\u00e4ss\u00e4 kurssissa keskityt\u00e4\u00e4n perusasioihin sek\u00e4 esittelem\u00e4\u00e4n konkreettisia esimerkkej\u00e4 Business Simulaattoreista (joita on jo tehty yli 200, kymmenie eri toimialojen yrityksille.<\/p>\n<p><iframe loading=\"lazy\" title=\"N\u00e4in teet arvolupauksestasi konkreettisen ja uskottavan\" width=\"640\" height=\"360\" src=\"https:\/\/www.youtube.com\/embed\/Qsz63ofZyaM?feature=oembed\" frameborder=\"0\" allow=\"accelerometer; autoplay; clipboard-write; encrypted-media; gyroscope; picture-in-picture; web-share\" referrerpolicy=\"strict-origin-when-cross-origin\" allowfullscreen><\/iframe><\/p>\n<hr \/>\n<p>Kurssin on toteuttanut <a href=\"http:\/\/www.ultraleansales.com\">UltraLeanBusiness Oy Ltd<\/a>:n toimitusjohtaja Antti Leijala (<a href=\"https:\/\/www.linkedin.com\/in\/anttileijala\/\">LinkedIn<\/a>). Antilla on yli 20 vuoden kansainv\u00e4linen johtajakokemus ja h\u00e4n on konsultoinut\/valmentanut yli 300 yrityst\u00e4 yli 200 toimialalta. Antti tekee my\u00f6s <a href=\"http:\/\/www.internetofcompetition.com\">v\u00e4it\u00f6stutkimusta<\/a> B2B-ostok\u00e4ytt\u00e4ytymisen muutoksista ja h\u00e4n on <strong>Business Simuloinnin edell\u00e4k\u00e4vij\u00e4 Suomessa<\/strong> &#8211; t\u00e4t\u00e4 kaikkea osaamista hy\u00f6dynnet\u00e4\u00e4n my\u00f6s t\u00e4ll\u00e4 kurssilla.<\/p>\n","protected":false},"excerpt":{"rendered":"<p>Business Simuloinnin avulla voit laskea ja todentaa selkokielell\u00e4 ja uskottavasti asiakkaalle tuotetun taloudellisen lis\u00e4arvon, takaisinmaksuajan ja ROI:n. Kurssi on suunnattu B2B-yrityksille koosta ja toimialasta riippumatta.&hellip;<\/p>\n","protected":false},"featured_media":3392,"template":"","meta":[],"product_brand":[],"product_cat":[100,101,102,103],"product_tag":[],"class_list":{"0":"post-3389","1":"product","2":"type-product","3":"status-publish","4":"has-post-thumbnail","6":"product_cat-asiakkaan-roi","7":"product_cat-business-simulointi","8":"product_cat-myynnin-tehostus","9":"product_cat-yrittajyys","11":"first","12":"instock","13":"virtual","14":"sold-individually","15":"taxable","16":"purchasable","17":"product-type-simple"},"_links":{"self":[{"href":"https:\/\/businessrakentamo.competencex.fi\/lms\/wp-json\/wp\/v2\/product\/3389","targetHints":{"allow":["GET"]}}],"collection":[{"href":"https:\/\/businessrakentamo.competencex.fi\/lms\/wp-json\/wp\/v2\/product"}],"about":[{"href":"https:\/\/businessrakentamo.competencex.fi\/lms\/wp-json\/wp\/v2\/types\/product"}],"wp:featuredmedia":[{"embeddable":true,"href":"https:\/\/businessrakentamo.competencex.fi\/lms\/wp-json\/wp\/v2\/media\/3392"}],"wp:attachment":[{"href":"https:\/\/businessrakentamo.competencex.fi\/lms\/wp-json\/wp\/v2\/media?parent=3389"}],"wp:term":[{"taxonomy":"product_brand","embeddable":true,"href":"https:\/\/businessrakentamo.competencex.fi\/lms\/wp-json\/wp\/v2\/product_brand?post=3389"},{"taxonomy":"product_cat","embeddable":true,"href":"https:\/\/businessrakentamo.competencex.fi\/lms\/wp-json\/wp\/v2\/product_cat?post=3389"},{"taxonomy":"product_tag","embeddable":true,"href":"https:\/\/businessrakentamo.competencex.fi\/lms\/wp-json\/wp\/v2\/product_tag?post=3389"}],"curies":[{"name":"wp","href":"https:\/\/api.w.org\/{rel}","templated":true}]}}