{"id":3390,"date":"2026-04-24T10:42:16","date_gmt":"2026-04-24T07:42:16","guid":{"rendered":"https:\/\/businessrakentamo.competencex.fi\/lms\/?post_type=product&#038;p=3390"},"modified":"2026-04-24T10:43:41","modified_gmt":"2026-04-24T07:43:41","slug":"leania-kasvuva-mikroyrittajalle-ettei-hukka-peri-eika-naapurin-isanta-hypi-silimille","status":"publish","type":"product","link":"https:\/\/businessrakentamo.competencex.fi\/lms\/tuote\/leania-kasvuva-mikroyrittajalle-ettei-hukka-peri-eika-naapurin-isanta-hypi-silimille\/","title":{"rendered":"Leani\u00e4 kasvuva mikroyritt\u00e4j\u00e4lle, ettei hukka peri eik\u00e4 naapurin is\u00e4nt\u00e4 hypi silimille!"},"content":{"rendered":"<p>Ootko koskaan miettiny, ett\u00e4 t\u00e4\u00e4 yritt\u00e4minen on v\u00e4lill\u00e4 kun yritt\u00e4s lyyv\u00e4 hyttyksi\u00e4 nyrkkeilyhanskat k\u00e4ess\u00e4? Hiki tulloo, aikaa m\u00e4nn\u00f6\u00f6, mutta mitt\u00e4\u00e4n ei tapahu ja lompakossa vuan tuuli vinkuu. No, el\u00e4p\u00e4 h\u00e4tt\u00e4ile! Tervetulova opiskelemmaan, miten se oma mikroyritys laitetaan semmoseen iskuun, <em><strong>ettei hukka peri eik\u00e4 naapurin is\u00e4nt\u00e4 hypi silimille!<\/strong><\/em><\/p>\n<p>T\u00e4ll\u00e4 kurssilla laihutetaan byrokratiaa ja lihotetaan lompakkoo ihan k\u00e4yt\u00e4nn\u00f6nl\u00e4heisill\u00e4 Lean-konsteilla. Suat ty\u00f6kalut hinnoitteluun, riskienhallintaan ja vaikka mihin digih\u00f6mp\u00f6tyksiin, ja tietenkii savoks v\u00e4\u00e4nettyn\u00e4!<\/p>\n<p>Liian ussein yrityst\u00e4 johetaan iha vuan tunteella. T\u00e4m\u00e4 kurssi aattaa yritt\u00e4jjee (tai vasta yritt\u00e4j\u00e4ks opiskelevvoo) ymm\u00e4rt\u00e4mm\u00e4\u00e4n tehokkaan liiketoeminnan perusteet ja her\u00e4ttell\u00f6\u00f6 haluva oppija jatkuvalla sy\u00f6t\u00f6ll\u00e4 uutta ja kehittee ommoo yrityst\u00e4 tehokkaammaks.<\/p>\n<p>Kurssin sis\u00e4lt\u00f6 soppii pienimm\u00e4st\u00e4 virmanpy\u00f6ritt\u00e4j\u00e4st\u00e4 aena ylj&#8217;opistotasolle, tahi justiisa hommaan tarttuneesta pitemm\u00e4lle jo pi\u00e4sseeseen sarjayritt\u00e4jj\u00e4\u00e4n. Mitt\u00e4\u00e4n allookaan ei passoo v\u00e4heksy\u00e4, kirja k\u00e4\u00e4p kaekille ja vaekka vasta oppia hakevalle.<\/p>\n<blockquote><p>Monettii tutkimukset ouvat osottanneet, ett\u00e4 opin m\u00e4neminen pi\u00e4h\u00e4n on parraimmillaan sillon kun opitaan pieniss\u00e4 palasissa.<\/p><\/blockquote>\n<p>Nykymualimassa tiion mi\u00e4r\u00e4 kasvoo porskuttoo hirmuvaahtia ja opiskelijoehen suurin huaste onnii l\u00f6ytee ja oppija kaekki tarpeellinen mahollisimman vilihakasti.<\/p>\n<ul>\n<li>Osa 1: Hukan poistoo ja ongelmien penkomista<\/li>\n<li>Osa 2: Rahhoo, katteita ja armotonta hinnoitteluo<\/li>\n<li>Osa 3: Digitaaliset hienouvet ja miten niiss\u00e4 p\u00e4rj\u00e4\u00e4<\/li>\n<li>Osa 4: Lakiviidakossa pyllistely ja naapurin kytt\u00e4ys<\/li>\n<li>Osa 5: Ihmisten py\u00f6rityst\u00e4 ja p\u00e4t\u00e4kk\u00e4\u00e4 uunista ulos<\/li>\n<\/ul>\n<p>Keit\u00e4 pannullinen vahvoo kahvia ja pi\u00e4st\u00e4 ittes irti. Kohta laitetaan yrityksen rattaat py\u00f6rim\u00e4\u00e4n semmosella vauhilla, ett\u00e4 heikompii hirvitt\u00e4\u00e4&#8230;<\/p>\n<hr \/>\n<p>Kurssin on toteuttanut\u00a0<a href=\"http:\/\/www.ultraleansales.com\/\">UltraLeanBusiness Oy Ltd<\/a>:n toimitusjohtaja Antti Leijala (<a href=\"https:\/\/www.linkedin.com\/in\/anttileijala\/\">LinkedIn<\/a>). Kuopiossa syntyneell\u00e4 Antilla on yli 20 vuoden kansainv\u00e4linen johtajakokemus ja h\u00e4n on konsultoinut\/valmentanut yli 300 yrityst\u00e4 yli 200 toimialalta. Antti tekee my\u00f6s <a href=\"http:\/\/www.internetofcompetition.com\/\">v\u00e4it\u00f6stutkimusta<\/a>\u00a0B2B-ostok\u00e4ytt\u00e4ytymisen muutoksista ja h\u00e4n on\u00a0<strong>Business Simuloinnin edell\u00e4k\u00e4vij\u00e4 Suomessa<\/strong>\u00a0\u2013 t\u00e4t\u00e4 kaikkea osaamista hy\u00f6dynnet\u00e4\u00e4n my\u00f6s t\u00e4ll\u00e4 kurssilla.<\/p>\n","protected":false},"excerpt":{"rendered":"<p>Ootko koskaan miettiny, ett\u00e4 t\u00e4\u00e4 yritt\u00e4minen on v\u00e4lill\u00e4 kun yritt\u00e4s lyyv\u00e4 hyttyksi\u00e4 nyrkkeilyhanskat k\u00e4ess\u00e4? Hiki tulloo, aikaa m\u00e4nn\u00f6\u00f6, mutta mitt\u00e4\u00e4n ei tapahu ja lompakossa vuan&hellip;<\/p>\n","protected":false},"featured_media":3393,"template":"","meta":[],"product_brand":[],"product_cat":[102,103],"product_tag":[],"class_list":{"0":"post-3390","1":"product","2":"type-product","3":"status-publish","4":"has-post-thumbnail","6":"product_cat-myynnin-tehostus","7":"product_cat-yrittajyys","9":"first","10":"instock","11":"virtual","12":"sold-individually","13":"taxable","14":"purchasable","15":"product-type-simple"},"_links":{"self":[{"href":"https:\/\/businessrakentamo.competencex.fi\/lms\/wp-json\/wp\/v2\/product\/3390","targetHints":{"allow":["GET"]}}],"collection":[{"href":"https:\/\/businessrakentamo.competencex.fi\/lms\/wp-json\/wp\/v2\/product"}],"about":[{"href":"https:\/\/businessrakentamo.competencex.fi\/lms\/wp-json\/wp\/v2\/types\/product"}],"wp:featuredmedia":[{"embeddable":true,"href":"https:\/\/businessrakentamo.competencex.fi\/lms\/wp-json\/wp\/v2\/media\/3393"}],"wp:attachment":[{"href":"https:\/\/businessrakentamo.competencex.fi\/lms\/wp-json\/wp\/v2\/media?parent=3390"}],"wp:term":[{"taxonomy":"product_brand","embeddable":true,"href":"https:\/\/businessrakentamo.competencex.fi\/lms\/wp-json\/wp\/v2\/product_brand?post=3390"},{"taxonomy":"product_cat","embeddable":true,"href":"https:\/\/businessrakentamo.competencex.fi\/lms\/wp-json\/wp\/v2\/product_cat?post=3390"},{"taxonomy":"product_tag","embeddable":true,"href":"https:\/\/businessrakentamo.competencex.fi\/lms\/wp-json\/wp\/v2\/product_tag?post=3390"}],"curies":[{"name":"wp","href":"https:\/\/api.w.org\/{rel}","templated":true}]}}