{"id":3391,"date":"2026-04-24T10:42:16","date_gmt":"2026-04-24T07:42:16","guid":{"rendered":"https:\/\/businessrakentamo.competencex.fi\/lms\/?post_type=product&#038;p=3391"},"modified":"2026-04-24T10:43:12","modified_gmt":"2026-04-24T07:43:12","slug":"pk-yrityksen-opas-tulevaisuuden-kasvuloikkaan","status":"publish","type":"product","link":"https:\/\/businessrakentamo.competencex.fi\/lms\/tuote\/pk-yrityksen-opas-tulevaisuuden-kasvuloikkaan\/","title":{"rendered":"PK-yrityksen opas tulevaisuuden kasvuloikkaan"},"content":{"rendered":"<p>Kurssi tiivist\u00e4\u00e4 Suomen kest\u00e4v\u00e4n talouskasvun edellytykset <strong>PK-yrityksen n\u00e4k\u00f6kulmasta<\/strong>. Opit keskeiset k\u00e4sitteet, kuten inhimillisen ja aineettoman p\u00e4\u00e4oman, ekosysteemitilinpidon sek\u00e4 TKI-toiminnan roolin kasvuloikan luomisessa. Kurssilla k\u00e4sitell\u00e4\u00e4n kuusi lupaavaa kasvupolkua, kuten digitalisaatio ja kiertotalous, sek\u00e4 miten uudistukset koulutuksessa, rahoituksessa ja innovaatioj\u00e4rjestelm\u00e4ss\u00e4 mahdollistavat t\u00e4ysin uudet kasvuavaukset.<\/p>\n<hr \/>\n<p>Kurssin on toteuttanut\u00a0<a href=\"http:\/\/www.ultraleansales.com\/\">UltraLeanBusiness Oy Ltd<\/a>:n toimitusjohtaja Antti Leijala (<a href=\"https:\/\/www.linkedin.com\/in\/anttileijala\/\">LinkedIn<\/a>). Antilla on yli 20 vuoden kansainv\u00e4linen johtajakokemus ja h\u00e4n on konsultoinut\/valmentanut yli 300 yrityst\u00e4 yli 200 toimialalta. Antti tekee my\u00f6s\u00a0<a href=\"http:\/\/www.internetofcompetition.com\/\">v\u00e4it\u00f6stutkimusta<\/a>\u00a0B2B-ostok\u00e4ytt\u00e4ytymisen muutoksista ja h\u00e4n on\u00a0<strong>Business Simuloinnin edell\u00e4k\u00e4vij\u00e4 Suomessa<\/strong>\u00a0\u2013 t\u00e4t\u00e4 kaikkea osaamista hy\u00f6dynnet\u00e4\u00e4n my\u00f6s t\u00e4ll\u00e4 kurssilla.<\/p>\n","protected":false},"excerpt":{"rendered":"<p>Kurssi tiivist\u00e4\u00e4 Suomen kest\u00e4v\u00e4n talouskasvun edellytykset PK-yrityksen n\u00e4k\u00f6kulmasta. Opit keskeiset k\u00e4sitteet, kuten inhimillisen ja aineettoman p\u00e4\u00e4oman, ekosysteemitilinpidon sek\u00e4 TKI-toiminnan roolin kasvuloikan luomisessa. Kurssilla k\u00e4sitell\u00e4\u00e4n kuusi&hellip;<\/p>\n","protected":false},"featured_media":3394,"template":"","meta":[],"product_brand":[],"product_cat":[107,103],"product_tag":[],"class_list":{"0":"post-3391","1":"product","2":"type-product","3":"status-publish","4":"has-post-thumbnail","6":"product_cat-tutkimus-ioc","7":"product_cat-yrittajyys","9":"first","10":"instock","11":"virtual","12":"sold-individually","13":"taxable","14":"purchasable","15":"product-type-simple"},"_links":{"self":[{"href":"https:\/\/businessrakentamo.competencex.fi\/lms\/wp-json\/wp\/v2\/product\/3391","targetHints":{"allow":["GET"]}}],"collection":[{"href":"https:\/\/businessrakentamo.competencex.fi\/lms\/wp-json\/wp\/v2\/product"}],"about":[{"href":"https:\/\/businessrakentamo.competencex.fi\/lms\/wp-json\/wp\/v2\/types\/product"}],"wp:featuredmedia":[{"embeddable":true,"href":"https:\/\/businessrakentamo.competencex.fi\/lms\/wp-json\/wp\/v2\/media\/3394"}],"wp:attachment":[{"href":"https:\/\/businessrakentamo.competencex.fi\/lms\/wp-json\/wp\/v2\/media?parent=3391"}],"wp:term":[{"taxonomy":"product_brand","embeddable":true,"href":"https:\/\/businessrakentamo.competencex.fi\/lms\/wp-json\/wp\/v2\/product_brand?post=3391"},{"taxonomy":"product_cat","embeddable":true,"href":"https:\/\/businessrakentamo.competencex.fi\/lms\/wp-json\/wp\/v2\/product_cat?post=3391"},{"taxonomy":"product_tag","embeddable":true,"href":"https:\/\/businessrakentamo.competencex.fi\/lms\/wp-json\/wp\/v2\/product_tag?post=3391"}],"curies":[{"name":"wp","href":"https:\/\/api.w.org\/{rel}","templated":true}]}}