{"id":3401,"date":"2026-04-27T14:19:48","date_gmt":"2026-04-27T11:19:48","guid":{"rendered":"https:\/\/businessrakentamo.competencex.fi\/lms\/?post_type=product&#038;p=3401"},"modified":"2026-04-27T15:16:44","modified_gmt":"2026-04-27T12:16:44","slug":"ain-kayttoonotto-pk-yritykselle-hallittu-ja-liiketoimintalahtoinen-malli","status":"publish","type":"product","link":"https:\/\/businessrakentamo.competencex.fi\/lms\/tuote\/ain-kayttoonotto-pk-yritykselle-hallittu-ja-liiketoimintalahtoinen-malli\/","title":{"rendered":"AI:n k\u00e4ytt\u00f6\u00f6notto: Hallittu ja liiketoimintal\u00e4ht\u00f6inen malli"},"content":{"rendered":"<p>T\u00e4m\u00e4 k\u00e4yt\u00e4nn\u00f6nl\u00e4heinen kurssi opastaa pk\u2011yrityksen teko\u00e4lyn k\u00e4ytt\u00f6\u00f6nottoon hallitusti ja liiketoimintal\u00e4ht\u00f6isesti. Tavoitteena on siirt\u00e4\u00e4 teko\u00e4ly puhtaasta kiinnostuksesta konkreettisiksi tuloksiksi: mitattaviksi KPI:iksi, realistiseksi pilotiksi ja toistettavaksi 30 p\u00e4iv\u00e4n toimintasuunnitelmaksi \u2014 samalla varmistaen turvallisuus, vastuuroolit ja skaalauskelpoisuus.<\/p>\n<p>Kenelle kurssi on suunnattu<\/p>\n<ul class=\"wp-block-list\">\n<li>Pk\u2011yritysten omistajille, toimitusjohtajille ja toimintojen johtajille<\/li>\n<li>Projektip\u00e4\u00e4llik\u00f6ille, IT\u2011vastaaville ja datatiimeille<\/li>\n<li>Avainhenkil\u00f6ille, jotka vastaavat prosessien tehostamisesta tai uusien digipalveluiden k\u00e4ytt\u00f6\u00f6notosta<\/li>\n<\/ul>\n<p>Mit\u00e4 opit (tiivistetysti)<\/p>\n<ul class=\"wp-block-list\">\n<li>M\u00e4\u00e4ritt\u00e4m\u00e4\u00e4n, mit\u00e4 teko\u00e4ly tarkoittaa yrityksesi arjessa ja mitk\u00e4 k\u00e4ytt\u00f6kohteet tuovat aitoa liiketoimintaetua<\/li>\n<li>Arvioimaan nykytilan: prosessit, data ja muutosvastuu<\/li>\n<li>Valitsemaan ty\u00f6kalut ja rakentamaan hankintaperiaatteet kustannus\u2011hy\u00f6tysuhteen, tietoturvan ja integraatioiden n\u00e4k\u00f6kulmasta<\/li>\n<li>Rakentamaan toimivan pilotin, m\u00e4\u00e4ritt\u00e4m\u00e4\u00e4n KPI:t ja toteuttamaan 30 p\u00e4iv\u00e4n k\u00e4ynnistyssuunnitelman vastuineen<\/li>\n<li>Luomaan governance\u2011mallin: tietosuoja, auditointi, hyv\u00e4ksymisprosessit ja ihmisen rooli lopputarkistajana<\/li>\n<li>Hallitsemaan generatiivisen teko\u00e4lyn riskej\u00e4 (hallusinaatiot, tiedon luotettavuus) ja k\u00e4ytt\u00e4m\u00e4\u00e4n promptausta tuottavasti ja toistettavasti<\/li>\n<\/ul>\n<p>K\u00e4yt\u00e4nn\u00f6n tuotokset kurssin j\u00e4lkeen<\/p>\n<ul class=\"wp-block-list\">\n<li>Selke\u00e4 liiketoimintaperusteinen pilot\u2011scope ja mittaristo<\/li>\n<li>Konkreettinen 30 p\u00e4iv\u00e4n viikko\u2011viikolta etenev\u00e4 suunnitelma vastuurooleineen<\/li>\n<li>Prompt\u2011kartasto ja toistettavat templatet kriittisiin teht\u00e4viin<\/li>\n<li>Governance\u2011checklista (tietosuoja, lokitus, hyv\u00e4ksymismenettelyt)<\/li>\n<li>Arviointipohja ja jatkokehityssuositus skaalaukseen<\/li>\n<\/ul>\n<p>Kurssin toteutus ja vaatimukset<\/p>\n<ul class=\"wp-block-list\">\n<li>K\u00e4yt\u00e4nn\u00f6nl\u00e4heinen oppimiskokonaisuus sis\u00e4lt\u00e4en teoriaa, harjoituksia ja valmiita malleja<\/li>\n<li>Suositeltu ty\u00f6m\u00e4\u00e4r\u00e4: 2\u20134 tuntia per oppitunti kotil\u00e4ksyineen ja harjoituksineen<\/li>\n<li>Edellytt\u00e4\u00e4 p\u00e4\u00e4sy\u00e4 organisaation prosessi\u2011 ja datakuvauksiin sek\u00e4 avainhenkil\u00f6iden osallistumista pilotin m\u00e4\u00e4rittelyyn<\/li>\n<\/ul>\n<p>Keskeinen lupaus T\u00e4m\u00e4n kurssin j\u00e4lkeen sinulla on liiketoimintal\u00e4ht\u00f6inen, riskit huomioiva ja mitattava polku teko\u00e4lyn ottamiseksi k\u00e4ytt\u00f6\u00f6n pk\u2011yrityksess\u00e4 \u2014 ei en\u00e4\u00e4 teknologiasta seuraamista, vaan hallittu muutos, joka tuottaa mitattavia hy\u00f6tyj\u00e4.<\/p>\n","protected":false},"excerpt":{"rendered":"<p>K\u00e4yt\u00e4nn\u00f6nkurssi opastaa pk\u2011yrityksen teko\u00e4lyn k\u00e4ytt\u00f6\u00f6nottoon liiketoimintal\u00e4ht\u00f6isesti: mit\u00e4 teko\u00e4ly yritysk\u00e4yt\u00f6ss\u00e4 tarkoittaa (digitaalinen avustaja), generatiivisen teko\u00e4lyn mahdollisuudet ja riskit, promptauksen periaatteet, nykytilan kartoitus, konkreettiset k\u00e4ytt\u00f6kohteet, ty\u00f6kalujen valinta, turvallisuus ja governance, pieni pilotti sek\u00e4 laajennusprosessi. Kurssi sis\u00e4lt\u00e4\u00e4 mitattavat KPI:t sek\u00e4 konkreettisen 30 p\u00e4iv\u00e4n suunnitelman vastuineen ja seuraavine kehitysaskelina.<\/p>\n","protected":false},"featured_media":3563,"template":"","meta":[],"product_brand":[],"product_cat":[54],"product_tag":[],"class_list":{"0":"post-3401","1":"product","2":"type-product","3":"status-publish","4":"has-post-thumbnail","6":"product_cat-yleinen","8":"first","9":"instock","10":"virtual","11":"taxable","12":"purchasable","13":"product-type-simple"},"_links":{"self":[{"href":"https:\/\/businessrakentamo.competencex.fi\/lms\/wp-json\/wp\/v2\/product\/3401","targetHints":{"allow":["GET"]}}],"collection":[{"href":"https:\/\/businessrakentamo.competencex.fi\/lms\/wp-json\/wp\/v2\/product"}],"about":[{"href":"https:\/\/businessrakentamo.competencex.fi\/lms\/wp-json\/wp\/v2\/types\/product"}],"wp:featuredmedia":[{"embeddable":true,"href":"https:\/\/businessrakentamo.competencex.fi\/lms\/wp-json\/wp\/v2\/media\/3563"}],"wp:attachment":[{"href":"https:\/\/businessrakentamo.competencex.fi\/lms\/wp-json\/wp\/v2\/media?parent=3401"}],"wp:term":[{"taxonomy":"product_brand","embeddable":true,"href":"https:\/\/businessrakentamo.competencex.fi\/lms\/wp-json\/wp\/v2\/product_brand?post=3401"},{"taxonomy":"product_cat","embeddable":true,"href":"https:\/\/businessrakentamo.competencex.fi\/lms\/wp-json\/wp\/v2\/product_cat?post=3401"},{"taxonomy":"product_tag","embeddable":true,"href":"https:\/\/businessrakentamo.competencex.fi\/lms\/wp-json\/wp\/v2\/product_tag?post=3401"}],"curies":[{"name":"wp","href":"https:\/\/api.w.org\/{rel}","templated":true}]}}