{"id":3409,"date":"2026-04-27T14:30:30","date_gmt":"2026-04-27T11:30:30","guid":{"rendered":"https:\/\/businessrakentamo.competencex.fi\/lms\/?post_type=product&#038;p=3409"},"modified":"2026-04-27T15:18:11","modified_gmt":"2026-04-27T12:18:11","slug":"ai-ohjekansio-kaytannon-kurssi-henkilokohtaisen-tekoalymuistin-rakentamiseen","status":"publish","type":"product","link":"https:\/\/businessrakentamo.competencex.fi\/lms\/tuote\/ai-ohjekansio-kaytannon-kurssi-henkilokohtaisen-tekoalymuistin-rakentamiseen\/","title":{"rendered":"AI-ohjekansio: K\u00e4yt\u00e4nn\u00f6n kurssi henkil\u00f6kohtaisen teko\u00e4lymuistin rakentamiseen"},"content":{"rendered":"<p>T\u00e4ll\u00e4 kurssilla opit luomaan AI-OHJEET-kansion ja systemaattisen tavan tallentaa toistuvat ty\u00f6prosessit niin, ett\u00e4 teko\u00e4ly hy\u00f6dynt\u00e4\u00e4 t\u00e4ysim\u00e4\u00e4r\u00e4isesti hiljaista osaamistasi. Kurssi k\u00e4sittelee muun muassa skills-ajattelua, minimitoimivaa alkua, iteratiivista kehityst\u00e4 sek\u00e4 kevyit\u00e4 teknisi\u00e4 rakenteita, joiden avulla rakennat p\u00e4ivitt\u00e4iseen rutiiniisi saumattomasti istuvan teko\u00e4lyty\u00f6kalun.<\/p>\n","protected":false},"excerpt":{"rendered":"<p>Asiantuntijaty\u00f6ss\u00e4 teko\u00e4ly on tehokas ty\u00f6kalu, mutta sen t\u00e4yden potentiaalin saavuttaminen edellytt\u00e4\u00e4 enemm\u00e4n kuin yksitt\u00e4isten komentojen sy\u00f6tt\u00e4mist\u00e4. Yleinen ongelma teko\u00e4lyn k\u00e4yt\u00f6ss\u00e4 on toisto ja kontekstin puute: ilman ohjausta teko\u00e4ly ei tunne asiantuntijan hiljaista osaamista, ty\u00f6tapoja tai vakiintuneita laatuvaatimuksia. Ratkaisu t\u00e4h\u00e4n on henkil\u00f6kohtaisen ja systemaattisen teko\u00e4lymuistin rakentaminen.<\/p>\n<p>T\u00e4m\u00e4 kurssi tarjoaa konkreettisen menetelm\u00e4n asiantuntijan rutiinien ja toistuvien ty\u00f6prosessien siirt\u00e4miseen teko\u00e4lyn hy\u00f6dynnett\u00e4v\u00e4ksi. Rakentamalla keskitetyn ja strukturoidun AI-OHJEET-kansion luot skaalautuvan j\u00e4rjestelm\u00e4n, jonka avulla teko\u00e4ly mukautuu t\u00e4ysin omiin ty\u00f6prosesseihisi ja tuottaa kerta toisensa j\u00e4lkeen johdonmukaisia tuloksia.<\/p>\n<p>L\u00e4hestymme teko\u00e4lyn ohjeistamista skills-ajattelun kautta. T\u00e4m\u00e4 tarkoittaa monimutkaisen ty\u00f6n purkamista selkeisiin, uudelleenk\u00e4ytett\u00e4viin taitoihin ja vaiheisiin. Sen sijaan, ett\u00e4 pyrkisimme rakentamaan heti t\u00e4ydellisen j\u00e4rjestelm\u00e4n, hy\u00f6dynn\u00e4mme minimitoimivan alun (MVP) konseptia. Aloitamme yhdest\u00e4 ydinohjeesta, jonka avulla toimintamalli validoidaan v\u00e4litt\u00f6m\u00e4sti k\u00e4yt\u00e4nn\u00f6ss\u00e4.<\/p>\n<p>Tekninen toteutus on tietoisesti pidetty kevyen\u00e4. K\u00e4yt\u00e4mme Markdown-kielt\u00e4 ja selke\u00e4\u00e4 tiedostojakoa ydin- ja tukiohjeisiin, mik\u00e4 takaa sen, ett\u00e4 kansiorakenne on teko\u00e4lyn helposti luettavissa ja asiantuntijan vaivattomasti yll\u00e4pidett\u00e4viss\u00e4. Kun perusta on rakennettu, siirrymme yksitt\u00e4isist\u00e4 ohjeista dynaamisiin ty\u00f6ketjuihin, joissa tiedon siirto eri ty\u00f6vaiheiden \u2013 kuten analyysin, ideoinnin ja luonnostelun \u2013 v\u00e4lill\u00e4 automatisoidaan.<\/p>\n<p>Menetelm\u00e4n ydin piilee iteratiivisessa kehityksess\u00e4. Kurssin edetess\u00e4 opit testaamaan ohjeitasi systemaattisesti, tunnistamaan reunatapauksia ja kehitt\u00e4m\u00e4\u00e4n j\u00e4rjestelm\u00e4\u00e4si jatkuvan laadunvarmistuksen periaattein. P\u00e4\u00e4m\u00e4\u00e4r\u00e4n\u00e4 on sulauttaa AI-ohjekansion k\u00e4ytt\u00f6 saumattomaksi osaksi p\u00e4ivitt\u00e4ist\u00e4 rutiiniasi.<\/p>\n<p>Kokonaisuuden suoritettuasi hallitset ty\u00f6kalupakin, jonka avulla siirr\u00e4t hiljaisen osaamisesi koodiksi. Lopputuloksena on aikaa s\u00e4\u00e4st\u00e4v\u00e4, teknologian kehitykseen mukautuva henkil\u00f6kohtainen teko\u00e4lyty\u00f6kalu, joka skaalautuu aina yksitt\u00e4isist\u00e4 asiantuntijateht\u00e4vist\u00e4 laajoihin tiimikohtaisiin prosesseihin.<\/p>\n","protected":false},"featured_media":3566,"template":"","meta":[],"product_brand":[],"product_cat":[54],"product_tag":[],"class_list":{"0":"post-3409","1":"product","2":"type-product","3":"status-publish","4":"has-post-thumbnail","6":"product_cat-yleinen","8":"first","9":"instock","10":"virtual","11":"taxable","12":"purchasable","13":"product-type-simple"},"_links":{"self":[{"href":"https:\/\/businessrakentamo.competencex.fi\/lms\/wp-json\/wp\/v2\/product\/3409","targetHints":{"allow":["GET"]}}],"collection":[{"href":"https:\/\/businessrakentamo.competencex.fi\/lms\/wp-json\/wp\/v2\/product"}],"about":[{"href":"https:\/\/businessrakentamo.competencex.fi\/lms\/wp-json\/wp\/v2\/types\/product"}],"wp:featuredmedia":[{"embeddable":true,"href":"https:\/\/businessrakentamo.competencex.fi\/lms\/wp-json\/wp\/v2\/media\/3566"}],"wp:attachment":[{"href":"https:\/\/businessrakentamo.competencex.fi\/lms\/wp-json\/wp\/v2\/media?parent=3409"}],"wp:term":[{"taxonomy":"product_brand","embeddable":true,"href":"https:\/\/businessrakentamo.competencex.fi\/lms\/wp-json\/wp\/v2\/product_brand?post=3409"},{"taxonomy":"product_cat","embeddable":true,"href":"https:\/\/businessrakentamo.competencex.fi\/lms\/wp-json\/wp\/v2\/product_cat?post=3409"},{"taxonomy":"product_tag","embeddable":true,"href":"https:\/\/businessrakentamo.competencex.fi\/lms\/wp-json\/wp\/v2\/product_tag?post=3409"}],"curies":[{"name":"wp","href":"https:\/\/api.w.org\/{rel}","templated":true}]}}